{"id":1005,"date":"2024-08-10T12:47:43","date_gmt":"2024-08-10T12:47:43","guid":{"rendered":"https:\/\/nutasiasociatii.ro\/?page_id=1005"},"modified":"2024-09-03T19:42:00","modified_gmt":"2024-09-03T19:42:00","slug":"alexandru-nuta-2","status":"publish","type":"page","link":"https:\/\/nutasiasociatii.ro\/en\/alexandru-nuta-2\/","title":{"rendered":"Alexandru Nu\u021b\u0103"},"content":{"rendered":"<div data-elementor-type=\"wp-page\" data-elementor-id=\"1005\" class=\"elementor elementor-1005\" data-elementor-post-type=\"page\">\n\t\t\t\t<div class=\"elementor-element elementor-element-baf50aa e-flex e-con-boxed e-con e-parent\" data-id=\"baf50aa\" data-element_type=\"container\" data-e-type=\"container\">\n\t\t\t\t\t<div class=\"e-con-inner\">\n\t\t<div class=\"elementor-element elementor-element-e5314be e-con-full e-flex e-con e-child\" data-id=\"e5314be\" data-element_type=\"container\" data-e-type=\"container\">\n\t\t\t\t<div class=\"elementor-element elementor-element-3154ca1 elementor-position-top elementor-widget elementor-widget-image-box\" data-id=\"3154ca1\" data-element_type=\"widget\" data-e-type=\"widget\" data-widget_type=\"image-box.default\">\n\t\t\t\t<div class=\"elementor-widget-container\">\n\t\t\t\t\t<div class=\"elementor-image-box-wrapper\"><figure class=\"elementor-image-box-img\"><img fetchpriority=\"high\" decoding=\"async\" width=\"522\" height=\"540\" src=\"https:\/\/nutasiasociatii.ro\/wp-content\/uploads\/2024\/08\/alexandru-nuta.png\" class=\"attachment-full size-full wp-image-819\" alt=\"\" srcset=\"https:\/\/nutasiasociatii.ro\/wp-content\/uploads\/2024\/08\/alexandru-nuta.png 522w, https:\/\/nutasiasociatii.ro\/wp-content\/uploads\/2024\/08\/alexandru-nuta-290x300.png 290w\" sizes=\"(max-width: 522px) 100vw, 522px\" \/><\/figure><div class=\"elementor-image-box-content\"><h3 class=\"elementor-image-box-title\">Alexandru Nu\u021b\u0103<\/h3><p class=\"elementor-image-box-description\">With over 8 years of experience, Alexandru Nu\u021b\u0103 specializes in commercial law, labor law and immigration. <\/p><\/div><\/div>\t\t\t\t<\/div>\n\t\t\t\t<\/div>\n\t\t\t\t<\/div>\n\t\t\t\t\t<\/div>\n\t\t\t\t<\/div>\n\t\t<div class=\"elementor-element elementor-element-91938eb e-flex e-con-boxed e-con e-parent\" data-id=\"91938eb\" data-element_type=\"container\" data-e-type=\"container\" data-settings=\"{&quot;background_background&quot;:&quot;classic&quot;}\">\n\t\t\t\t\t<div class=\"e-con-inner\">\n\t\t<div class=\"elementor-element elementor-element-2ee32cf e-con-full e-flex e-con e-child\" data-id=\"2ee32cf\" data-element_type=\"container\" data-e-type=\"container\" data-settings=\"{&quot;background_background&quot;:&quot;classic&quot;}\">\n\t\t<div class=\"elementor-element elementor-element-40bec4c e-con-full e-flex e-con e-child\" data-id=\"40bec4c\" data-element_type=\"container\" data-e-type=\"container\">\n\t\t\t\t<div class=\"elementor-element elementor-element-93a16bb elementor-widget elementor-widget-text-editor\" data-id=\"93a16bb\" data-element_type=\"widget\" data-e-type=\"widget\" data-widget_type=\"text-editor.default\">\n\t\t\t\t<div class=\"elementor-widget-container\">\n\t\t\t\t\t\t\t\t\t<p>Permanent Lawyer and member of the Bucharest Bar;<\/p><p>Graduated from Master studies at the Faculty of Law, University Bucharest;<\/p><p>Bachelor Degree, Faculty of Law, University Bucharest;<\/p><p><strong>Courses and seminars:<\/strong><\/p><ul><li><strong>05.2021:<\/strong> Internal Regulations \u2013 between obligation and utility, how to draft it to reflect the real situation in the company and key considerations in its development, <em>speaker<\/em><\/li><li><strong>31.05.2024:<\/strong> LightT: Litigating change \u2013 Training lawyers on the EU rule of law acquis,\u00a0<em>participant<\/em><\/li><li><strong>07.2024:<\/strong> National Labor Law Conference,<i>, participant<\/i><\/li><li><strong>07.2024:<\/strong> Uptraining Solutions, Public Procurement Expert Course<\/li><\/ul>\t\t\t\t\t\t\t\t<\/div>\n\t\t\t\t<\/div>\n\t\t\t\t<\/div>\n\t\t\t\t<\/div>\n\t\t\t\t\t<\/div>\n\t\t\t\t<\/div>\n\t\t\t\t<\/div>","protected":false},"excerpt":{"rendered":"<p>Alexandru Nu\u021b\u0103 Cu peste 8 ani de experien\u021b\u0103 \u00een avocatur\u0103, Alexandru Nu\u021b\u0103 este specializat \u00een drept comercial, dreptul muncii \u0219i [&hellip;]<\/p>\n","protected":false},"author":1,"featured_media":0,"parent":0,"menu_order":0,"comment_status":"closed","ping_status":"closed","template":"","meta":{"site-sidebar-layout":"no-sidebar","site-content-layout":"page-builder","ast-site-content-layout":"full-width-container","site-content-style":"default","site-sidebar-style":"default","ast-global-header-display":"","ast-banner-title-visibility":"","ast-main-header-display":"","ast-hfb-above-header-display":"","ast-hfb-below-header-display":"","ast-hfb-mobile-header-display":"","site-post-title":"disabled","ast-breadcrumbs-content":"","ast-featured-img":"disabled","footer-sml-layout":"","theme-transparent-header-meta":"","adv-header-id-meta":"","stick-header-meta":"","header-above-stick-meta":"","header-main-stick-meta":"","header-below-stick-meta":"","astra-migrate-meta-layouts":"set","ast-page-background-enabled":"default","ast-page-background-meta":{"desktop":{"background-color":"","background-image":"","background-repeat":"repeat","background-position":"center center","background-size":"auto","background-attachment":"scroll","background-type":"","background-media":"","overlay-type":"","overlay-color":"","overlay-opacity":"","overlay-gradient":""},"tablet":{"background-color":"","background-image":"","background-repeat":"repeat","background-position":"center center","background-size":"auto","background-attachment":"scroll","background-type":"","background-media":"","overlay-type":"","overlay-color":"","overlay-opacity":"","overlay-gradient":""},"mobile":{"background-color":"","background-image":"","background-repeat":"repeat","background-position":"center center","background-size":"auto","background-attachment":"scroll","background-type":"","background-media":"","overlay-type":"","overlay-color":"","overlay-opacity":"","overlay-gradient":""}},"ast-content-background-meta":{"desktop":{"background-color":"var(--ast-global-color-5)","background-image":"","background-repeat":"repeat","background-position":"center center","background-size":"auto","background-attachment":"scroll","background-type":"","background-media":"","overlay-type":"","overlay-color":"","overlay-opacity":"","overlay-gradient":""},"tablet":{"background-color":"var(--ast-global-color-5)","background-image":"","background-repeat":"repeat","background-position":"center center","background-size":"auto","background-attachment":"scroll","background-type":"","background-media":"","overlay-type":"","overlay-color":"","overlay-opacity":"","overlay-gradient":""},"mobile":{"background-color":"var(--ast-global-color-5)","background-image":"","background-repeat":"repeat","background-position":"center center","background-size":"auto","background-attachment":"scroll","background-type":"","background-media":"","overlay-type":"","overlay-color":"","overlay-opacity":"","overlay-gradient":""}},"footnotes":""},"class_list":["post-1005","page","type-page","status-publish","hentry"],"_links":{"self":[{"href":"https:\/\/nutasiasociatii.ro\/en\/wp-json\/wp\/v2\/pages\/1005"}],"collection":[{"href":"https:\/\/nutasiasociatii.ro\/en\/wp-json\/wp\/v2\/pages"}],"about":[{"href":"https:\/\/nutasiasociatii.ro\/en\/wp-json\/wp\/v2\/types\/page"}],"author":[{"embeddable":true,"href":"https:\/\/nutasiasociatii.ro\/en\/wp-json\/wp\/v2\/users\/1"}],"replies":[{"embeddable":true,"href":"https:\/\/nutasiasociatii.ro\/en\/wp-json\/wp\/v2\/comments?post=1005"}],"version-history":[{"count":16,"href":"https:\/\/nutasiasociatii.ro\/en\/wp-json\/wp\/v2\/pages\/1005\/revisions"}],"predecessor-version":[{"id":2374,"href":"https:\/\/nutasiasociatii.ro\/en\/wp-json\/wp\/v2\/pages\/1005\/revisions\/2374"}],"wp:attachment":[{"href":"https:\/\/nutasiasociatii.ro\/en\/wp-json\/wp\/v2\/media?parent=1005"}],"curies":[{"name":"wp","href":"https:\/\/api.w.org\/{rel}","templated":true}]}}