{"id":1007,"date":"2024-08-10T13:06:57","date_gmt":"2024-08-10T13:06:57","guid":{"rendered":"https:\/\/nutasiasociatii.ro\/?page_id=1007"},"modified":"2024-09-03T19:43:12","modified_gmt":"2024-09-03T19:43:12","slug":"irina-alexandra-postelnicu","status":"publish","type":"page","link":"https:\/\/nutasiasociatii.ro\/en\/irina-alexandra-postelnicu\/","title":{"rendered":"Irina-Alexandra Postelnicu"},"content":{"rendered":"<div data-elementor-type=\"wp-page\" data-elementor-id=\"1007\" class=\"elementor elementor-1007\" data-elementor-post-type=\"page\">\n\t\t\t\t<div class=\"elementor-element elementor-element-b639871 e-flex e-con-boxed e-con e-parent\" data-id=\"b639871\" data-element_type=\"container\" data-e-type=\"container\">\n\t\t\t\t\t<div class=\"e-con-inner\">\n\t\t<div class=\"elementor-element elementor-element-decae08 e-con-full e-flex e-con e-child\" data-id=\"decae08\" data-element_type=\"container\" data-e-type=\"container\">\n\t\t\t\t<div class=\"elementor-element elementor-element-a05a9f0 elementor-position-top elementor-widget elementor-widget-image-box\" data-id=\"a05a9f0\" data-element_type=\"widget\" data-e-type=\"widget\" data-widget_type=\"image-box.default\">\n\t\t\t\t<div class=\"elementor-widget-container\">\n\t\t\t\t\t<div class=\"elementor-image-box-wrapper\"><figure class=\"elementor-image-box-img\"><img fetchpriority=\"high\" decoding=\"async\" width=\"1273\" height=\"1272\" src=\"https:\/\/nutasiasociatii.ro\/wp-content\/uploads\/2024\/08\/irina-postelnicu-avocat.jpeg\" class=\"attachment-full size-full wp-image-820\" alt=\"\" srcset=\"https:\/\/nutasiasociatii.ro\/wp-content\/uploads\/2024\/08\/irina-postelnicu-avocat.jpeg 1273w, https:\/\/nutasiasociatii.ro\/wp-content\/uploads\/2024\/08\/irina-postelnicu-avocat-300x300.jpeg 300w, https:\/\/nutasiasociatii.ro\/wp-content\/uploads\/2024\/08\/irina-postelnicu-avocat-1024x1024.jpeg 1024w, https:\/\/nutasiasociatii.ro\/wp-content\/uploads\/2024\/08\/irina-postelnicu-avocat-150x150.jpeg 150w, https:\/\/nutasiasociatii.ro\/wp-content\/uploads\/2024\/08\/irina-postelnicu-avocat-768x767.jpeg 768w\" sizes=\"(max-width: 1273px) 100vw, 1273px\" \/><\/figure><div class=\"elementor-image-box-content\"><h3 class=\"elementor-image-box-title\">Irina-Alexandra Postelnicu<\/h3><p class=\"elementor-image-box-description\"><p>Permanent lawyer and member of the Bucharest Bar, specialized in\u00a0 commercial law, having an extensive experience in legal consultancy, as well as in litigation.\u00a0<span style=\"font-family: var( --e-global-typography-text-font-family ), Sans-serif;font-style: inherit;font-weight: var( --e-global-typography-text-font-weight );background-color: var(--ast-global-color-6)\"><\/span><\/p><\/p><\/div><\/div>\t\t\t\t<\/div>\n\t\t\t\t<\/div>\n\t\t\t\t<\/div>\n\t\t\t\t\t<\/div>\n\t\t\t\t<\/div>\n\t\t<div class=\"elementor-element elementor-element-a01662b e-flex e-con-boxed e-con e-parent\" data-id=\"a01662b\" data-element_type=\"container\" data-e-type=\"container\" data-settings=\"{&quot;background_background&quot;:&quot;classic&quot;}\">\n\t\t\t\t\t<div class=\"e-con-inner\">\n\t\t<div class=\"elementor-element elementor-element-983bee9 e-con-full e-flex e-con e-child\" data-id=\"983bee9\" data-element_type=\"container\" data-e-type=\"container\">\n\t\t<div class=\"elementor-element elementor-element-072a848 e-con-full e-flex e-con e-child\" data-id=\"072a848\" data-element_type=\"container\" data-e-type=\"container\">\n\t\t\t\t<div class=\"elementor-element elementor-element-4b4ff76 elementor-widget elementor-widget-text-editor\" data-id=\"4b4ff76\" data-element_type=\"widget\" data-e-type=\"widget\" data-widget_type=\"text-editor.default\">\n\t\t\t\t<div class=\"elementor-widget-container\">\n\t\t\t\t\t\t\t\t\t<p>Graduate of bachelor studies at the Faculty of Law, University of Bucharest;<\/p><p>Owner of the Law Office \u2013 Postelnicu Irina-Alexandra;<\/p><p>Specialized in labor law, immigration law, civil law and commercial law;<\/p><p>Having an extensive experience in legal consultancy as well as in litigation in front of the courts.<\/p>\t\t\t\t\t\t\t\t<\/div>\n\t\t\t\t<\/div>\n\t\t\t\t<\/div>\n\t\t\t\t<\/div>\n\t\t\t\t\t<\/div>\n\t\t\t\t<\/div>\n\t\t\t\t<\/div>","protected":false},"excerpt":{"rendered":"<p>Irina-Alexandra Postelnicu Avocat definitiv \u00een Baroul Bucure\u0219ti, specializat\u0103 \u00een drept comercial, vast\u0103 experien\u021b\u0103 \u00een consultan\u021b\u0103 juridic\u0103 precum \u0219i \u00een litigii [&hellip;]<\/p>\n","protected":false},"author":1,"featured_media":0,"parent":0,"menu_order":0,"comment_status":"closed","ping_status":"closed","template":"","meta":{"site-sidebar-layout":"no-sidebar","site-content-layout":"page-builder","ast-site-content-layout":"full-width-container","site-content-style":"default","site-sidebar-style":"default","ast-global-header-display":"","ast-banner-title-visibility":"","ast-main-header-display":"","ast-hfb-above-header-display":"","ast-hfb-below-header-display":"","ast-hfb-mobile-header-display":"","site-post-title":"disabled","ast-breadcrumbs-content":"","ast-featured-img":"disabled","footer-sml-layout":"","theme-transparent-header-meta":"","adv-header-id-meta":"","stick-header-meta":"","header-above-stick-meta":"","header-main-stick-meta":"","header-below-stick-meta":"","astra-migrate-meta-layouts":"set","ast-page-background-enabled":"default","ast-page-background-meta":{"desktop":{"background-color":"","background-image":"","background-repeat":"repeat","background-position":"center center","background-size":"auto","background-attachment":"scroll","background-type":"","background-media":"","overlay-type":"","overlay-color":"","overlay-opacity":"","overlay-gradient":""},"tablet":{"background-color":"","background-image":"","background-repeat":"repeat","background-position":"center center","background-size":"auto","background-attachment":"scroll","background-type":"","background-media":"","overlay-type":"","overlay-color":"","overlay-opacity":"","overlay-gradient":""},"mobile":{"background-color":"","background-image":"","background-repeat":"repeat","background-position":"center center","background-size":"auto","background-attachment":"scroll","background-type":"","background-media":"","overlay-type":"","overlay-color":"","overlay-opacity":"","overlay-gradient":""}},"ast-content-background-meta":{"desktop":{"background-color":"var(--ast-global-color-5)","background-image":"","background-repeat":"repeat","background-position":"center center","background-size":"auto","background-attachment":"scroll","background-type":"","background-media":"","overlay-type":"","overlay-color":"","overlay-opacity":"","overlay-gradient":""},"tablet":{"background-color":"var(--ast-global-color-5)","background-image":"","background-repeat":"repeat","background-position":"center center","background-size":"auto","background-attachment":"scroll","background-type":"","background-media":"","overlay-type":"","overlay-color":"","overlay-opacity":"","overlay-gradient":""},"mobile":{"background-color":"var(--ast-global-color-5)","background-image":"","background-repeat":"repeat","background-position":"center center","background-size":"auto","background-attachment":"scroll","background-type":"","background-media":"","overlay-type":"","overlay-color":"","overlay-opacity":"","overlay-gradient":""}},"footnotes":""},"class_list":["post-1007","page","type-page","status-publish","hentry"],"_links":{"self":[{"href":"https:\/\/nutasiasociatii.ro\/en\/wp-json\/wp\/v2\/pages\/1007"}],"collection":[{"href":"https:\/\/nutasiasociatii.ro\/en\/wp-json\/wp\/v2\/pages"}],"about":[{"href":"https:\/\/nutasiasociatii.ro\/en\/wp-json\/wp\/v2\/types\/page"}],"author":[{"embeddable":true,"href":"https:\/\/nutasiasociatii.ro\/en\/wp-json\/wp\/v2\/users\/1"}],"replies":[{"embeddable":true,"href":"https:\/\/nutasiasociatii.ro\/en\/wp-json\/wp\/v2\/comments?post=1007"}],"version-history":[{"count":16,"href":"https:\/\/nutasiasociatii.ro\/en\/wp-json\/wp\/v2\/pages\/1007\/revisions"}],"predecessor-version":[{"id":2381,"href":"https:\/\/nutasiasociatii.ro\/en\/wp-json\/wp\/v2\/pages\/1007\/revisions\/2381"}],"wp:attachment":[{"href":"https:\/\/nutasiasociatii.ro\/en\/wp-json\/wp\/v2\/media?parent=1007"}],"curies":[{"name":"wp","href":"https:\/\/api.w.org\/{rel}","templated":true}]}}