{"id":3330,"date":"2025-07-22T09:16:56","date_gmt":"2025-07-22T09:16:56","guid":{"rendered":"https:\/\/nutasiasociatii.ro\/?page_id=3330"},"modified":"2025-08-01T12:44:32","modified_gmt":"2025-08-01T12:44:32","slug":"abonamente","status":"publish","type":"page","link":"https:\/\/nutasiasociatii.ro\/en\/abonamente\/","title":{"rendered":"Subscription Plans"},"content":{"rendered":"<div data-elementor-type=\"wp-page\" data-elementor-id=\"3330\" class=\"elementor elementor-3330\" data-elementor-post-type=\"page\">\n\t\t\t\t<div class=\"elementor-element elementor-element-9942696 e-flex e-con-boxed e-con e-parent\" data-id=\"9942696\" data-element_type=\"container\" data-e-type=\"container\">\n\t\t\t\t\t<div class=\"e-con-inner\">\n\t\t<div class=\"elementor-element elementor-element-fbfbe49 e-con-full e-flex e-con e-child\" data-id=\"fbfbe49\" data-element_type=\"container\" data-e-type=\"container\">\n\t\t<div class=\"elementor-element elementor-element-ea9fc81 e-con-full e-flex e-con e-child\" data-id=\"ea9fc81\" data-element_type=\"container\" data-e-type=\"container\">\n\t\t\t\t<div class=\"elementor-element elementor-element-7979ee0 elementor-widget elementor-widget-text-editor\" data-id=\"7979ee0\" data-element_type=\"widget\" data-e-type=\"widget\" data-widget_type=\"text-editor.default\">\n\t\t\t\t<div class=\"elementor-widget-container\">\n\t\t\t\t\t\t\t\t\t<p style=\"text-align: center;\"><strong>Business Start \u2013 2.400 lei monthly (480 euros)<\/strong><\/p><p style=\"text-align: center;\"><strong>4 hours of dedicated legal consultancy per month<\/strong><\/p>\t\t\t\t\t\t\t\t<\/div>\n\t\t\t\t<\/div>\n\t\t\t\t<\/div>\n\t\t<div class=\"elementor-element elementor-element-1948d40 e-con-full e-flex e-con e-child\" data-id=\"1948d40\" data-element_type=\"container\" data-e-type=\"container\">\n\t\t\t\t<div class=\"elementor-element elementor-element-843590f elementor-widget elementor-widget-image\" data-id=\"843590f\" data-element_type=\"widget\" data-e-type=\"widget\" data-widget_type=\"image.default\">\n\t\t\t\t<div class=\"elementor-widget-container\">\n\t\t\t\t\t\t\t\t\t\t\t\t\t\t\t<img decoding=\"async\" src=\"https:\/\/nutasiasociatii.ro\/wp-content\/uploads\/elementor\/thumbs\/bus-star-r92ybaszmge87glpflr5mozs92j1czyv97g6gofp48.png\" title=\"bus star\" alt=\"bus star\" loading=\"lazy\" \/>\t\t\t\t\t\t\t\t\t\t\t\t\t\t\t<\/div>\n\t\t\t\t<\/div>\n\t\t\t\t<\/div>\n\t\t<div class=\"elementor-element elementor-element-b74bf70 e-con-full e-flex e-con e-child\" data-id=\"b74bf70\" data-element_type=\"container\" data-e-type=\"container\">\n\t\t\t\t<div class=\"elementor-element elementor-element-e04731a elementor-widget elementor-widget-text-editor\" data-id=\"e04731a\" data-element_type=\"widget\" data-e-type=\"widget\" data-widget_type=\"text-editor.default\">\n\t\t\t\t<div class=\"elementor-widget-container\">\n\t\t\t\t\t\t\t\t\t<p>The ideal subscription for SMEs (Small and Medium-sized Enterprises) at the beginning of their journey or with a moderate legal workload. With Business Start, you benefit from focused legal assistance tailored to your monthly needs, within a 4-hour limit. What this package typically includes:<\/p><ul><li>Assistance in company incorporation, including drafting required documents and navigating the procedure with the Trade Register<\/li><li>Registered office address at the lawyer\u2019s office, for a limited period of 1 year<\/li><li>Support for corporate changes (head office relocation, changes to the business object, share transfers, etc.)<\/li><li>Drafting decisions and resolutions of the general meeting of shareholders in accordance with current legislation<\/li><li>Drafting and reviewing commercial contracts and other documents needed for dealings with partners<\/li><li>Drafting notifications and responses to public institutions or business partners<\/li><li>Legal advice in commercial litigation, including debt recovery procedures<\/li><\/ul><p>The hours can be used flexibly for various activities. If the time limit is exceeded, you can choose either an additional hourly fee or an upgrade to the Business Plus package.<\/p>\t\t\t\t\t\t\t\t<\/div>\n\t\t\t\t<\/div>\n\t\t\t\t<\/div>\n\t\t\t\t<\/div>\n\t\t<div class=\"elementor-element elementor-element-f3f6392 e-con-full e-flex e-con e-child\" data-id=\"f3f6392\" data-element_type=\"container\" data-e-type=\"container\">\n\t\t<div class=\"elementor-element elementor-element-4b47a3c e-con-full e-flex e-con e-child\" data-id=\"4b47a3c\" data-element_type=\"container\" data-e-type=\"container\">\n\t\t\t\t<div class=\"elementor-element elementor-element-6813e8a elementor-widget elementor-widget-text-editor\" data-id=\"6813e8a\" data-element_type=\"widget\" data-e-type=\"widget\" data-widget_type=\"text-editor.default\">\n\t\t\t\t<div class=\"elementor-widget-container\">\n\t\t\t\t\t\t\t\t\t<p style=\"text-align: center;\"><strong>Business Plus \u2013 3600 lei monthly (720 euros)<\/strong><\/p><p style=\"text-align: center;\"><strong>8 hours of monthly legal consultancy<\/strong><\/p>\t\t\t\t\t\t\t\t<\/div>\n\t\t\t\t<\/div>\n\t\t<div class=\"elementor-element elementor-element-e5e122a e-con-full e-flex e-con e-child\" data-id=\"e5e122a\" data-element_type=\"container\" data-e-type=\"container\">\n\t\t\t\t<div class=\"elementor-element elementor-element-c50b113 elementor-widget elementor-widget-image\" data-id=\"c50b113\" data-element_type=\"widget\" data-e-type=\"widget\" data-widget_type=\"image.default\">\n\t\t\t\t<div class=\"elementor-widget-container\">\n\t\t\t\t\t\t\t\t\t\t\t\t\t\t\t<img decoding=\"async\" src=\"https:\/\/nutasiasociatii.ro\/wp-content\/uploads\/elementor\/thumbs\/bus-plus-r92z16b1r9tdt10ncaefrnxkxwzs91ov59yd1w2ju0.png\" title=\"bus plus\" alt=\"bus plus\" loading=\"lazy\" \/>\t\t\t\t\t\t\t\t\t\t\t\t\t\t\t<\/div>\n\t\t\t\t<\/div>\n\t\t\t\t<\/div>\n\t\t\t\t<\/div>\n\t\t<div class=\"elementor-element elementor-element-e80925f e-con-full e-flex e-con e-child\" data-id=\"e80925f\" data-element_type=\"container\" data-e-type=\"container\">\n\t\t\t\t<div class=\"elementor-element elementor-element-44618e5 elementor-widget elementor-widget-text-editor\" data-id=\"44618e5\" data-element_type=\"widget\" data-e-type=\"widget\" data-widget_type=\"text-editor.default\">\n\t\t\t\t<div class=\"elementor-widget-container\">\n\t\t\t\t\t\t\t\t\t<p>Designed for growing businesses with a consistent or more complex legal workload. Business Plus offers broader access to legal services and deeper involvement in your commercial processes. This subscription typically includes:<\/p><ul><li>Comprehensive support for company incorporation and corporate changes at the Trade Register<\/li><li>Drafting decisions and resolutions of the general meeting of shareholders in compliance with current legislation<\/li><li>Commercial negotiations and legal due diligence to safeguard the company\u2019s interests in transactions and partnerships<\/li><li>Ongoing legal compliance support, ensuring that your company\u2019s operations meet all regulatory and legal requirements<\/li><li>Debt recovery litigation and consultancy for resolving commercial disputes<\/li><li>Legal advice on voluntary liquidation procedures, if necessary, to ensure a correct and lawful business closure<\/li><\/ul><p>Ideal for companies seeking predictability and a fast response from a consistent legal partner.<\/p>\t\t\t\t\t\t\t\t<\/div>\n\t\t\t\t<\/div>\n\t\t\t\t<\/div>\n\t\t\t\t<\/div>\n\t\t\t\t\t<\/div>\n\t\t\t\t<\/div>\n\t\t\t\t<\/div>","protected":false},"excerpt":{"rendered":"<p>Business Start \u2013 2.400 lei lunar 4 ore de consultan\u021b\u0103 juridic\u0103 lunar\u0103 Abonamentul ideal pentru IMM-uri la \u00eenceput de drum [&hellip;]<\/p>\n","protected":false},"author":1,"featured_media":0,"parent":0,"menu_order":0,"comment_status":"closed","ping_status":"closed","template":"","meta":{"site-sidebar-layout":"no-sidebar","site-content-layout":"page-builder","ast-site-content-layout":"full-width-container","site-content-style":"default","site-sidebar-style":"default","ast-global-header-display":"","ast-banner-title-visibility":"","ast-main-header-display":"","ast-hfb-above-header-display":"","ast-hfb-below-header-display":"","ast-hfb-mobile-header-display":"","site-post-title":"disabled","ast-breadcrumbs-content":"","ast-featured-img":"disabled","footer-sml-layout":"","theme-transparent-header-meta":"","adv-header-id-meta":"","stick-header-meta":"","header-above-stick-meta":"","header-main-stick-meta":"","header-below-stick-meta":"","astra-migrate-meta-layouts":"set","ast-page-background-enabled":"default","ast-page-background-meta":{"desktop":{"background-color":"","background-image":"","background-repeat":"repeat","background-position":"center center","background-size":"auto","background-attachment":"scroll","background-type":"","background-media":"","overlay-type":"","overlay-color":"","overlay-opacity":"","overlay-gradient":""},"tablet":{"background-color":"","background-image":"","background-repeat":"repeat","background-position":"center center","background-size":"auto","background-attachment":"scroll","background-type":"","background-media":"","overlay-type":"","overlay-color":"","overlay-opacity":"","overlay-gradient":""},"mobile":{"background-color":"","background-image":"","background-repeat":"repeat","background-position":"center center","background-size":"auto","background-attachment":"scroll","background-type":"","background-media":"","overlay-type":"","overlay-color":"","overlay-opacity":"","overlay-gradient":""}},"ast-content-background-meta":{"desktop":{"background-color":"var(--ast-global-color-5)","background-image":"","background-repeat":"repeat","background-position":"center center","background-size":"auto","background-attachment":"scroll","background-type":"","background-media":"","overlay-type":"","overlay-color":"","overlay-opacity":"","overlay-gradient":""},"tablet":{"background-color":"var(--ast-global-color-5)","background-image":"","background-repeat":"repeat","background-position":"center center","background-size":"auto","background-attachment":"scroll","background-type":"","background-media":"","overlay-type":"","overlay-color":"","overlay-opacity":"","overlay-gradient":""},"mobile":{"background-color":"var(--ast-global-color-5)","background-image":"","background-repeat":"repeat","background-position":"center center","background-size":"auto","background-attachment":"scroll","background-type":"","background-media":"","overlay-type":"","overlay-color":"","overlay-opacity":"","overlay-gradient":""}},"footnotes":""},"class_list":["post-3330","page","type-page","status-publish","hentry"],"_links":{"self":[{"href":"https:\/\/nutasiasociatii.ro\/en\/wp-json\/wp\/v2\/pages\/3330"}],"collection":[{"href":"https:\/\/nutasiasociatii.ro\/en\/wp-json\/wp\/v2\/pages"}],"about":[{"href":"https:\/\/nutasiasociatii.ro\/en\/wp-json\/wp\/v2\/types\/page"}],"author":[{"embeddable":true,"href":"https:\/\/nutasiasociatii.ro\/en\/wp-json\/wp\/v2\/users\/1"}],"replies":[{"embeddable":true,"href":"https:\/\/nutasiasociatii.ro\/en\/wp-json\/wp\/v2\/comments?post=3330"}],"version-history":[{"count":13,"href":"https:\/\/nutasiasociatii.ro\/en\/wp-json\/wp\/v2\/pages\/3330\/revisions"}],"predecessor-version":[{"id":3349,"href":"https:\/\/nutasiasociatii.ro\/en\/wp-json\/wp\/v2\/pages\/3330\/revisions\/3349"}],"wp:attachment":[{"href":"https:\/\/nutasiasociatii.ro\/en\/wp-json\/wp\/v2\/media?parent=3330"}],"curies":[{"name":"wp","href":"https:\/\/api.w.org\/{rel}","templated":true}]}}