{"id":1095,"date":"2024-08-10T14:48:46","date_gmt":"2024-08-10T14:48:46","guid":{"rendered":"https:\/\/nutasiasociatii.ro\/?page_id=1095"},"modified":"2024-09-03T19:42:23","modified_gmt":"2024-09-03T19:42:23","slug":"drept-comercial-si-societar","status":"publish","type":"page","link":"https:\/\/nutasiasociatii.ro\/ro\/drept-comercial-si-societar\/","title":{"rendered":"Drept comercial &amp; Societar"},"content":{"rendered":"\t\t<div data-elementor-type=\"wp-page\" data-elementor-id=\"1095\" class=\"elementor elementor-1095\" data-elementor-post-type=\"page\">\n\t\t\t\t<div class=\"elementor-element elementor-element-aeb5deb e-flex e-con-boxed e-con e-parent\" data-id=\"aeb5deb\" data-element_type=\"container\" data-e-type=\"container\" data-settings=\"{&quot;background_background&quot;:&quot;classic&quot;}\">\n\t\t\t\t\t<div class=\"e-con-inner\">\n\t\t<div class=\"elementor-element elementor-element-0e394e5 e-con-full e-flex e-con e-child\" data-id=\"0e394e5\" data-element_type=\"container\" data-e-type=\"container\">\n\t\t\t\t<div class=\"elementor-element elementor-element-11b7a35 elementor-widget elementor-widget-heading\" data-id=\"11b7a35\" data-element_type=\"widget\" data-e-type=\"widget\" data-widget_type=\"heading.default\">\n\t\t\t\t<div class=\"elementor-widget-container\">\n\t\t\t\t\t<h2 class=\"elementor-heading-title elementor-size-default\">Drept comercial &amp; societar<\/h2>\t\t\t\t<\/div>\n\t\t\t\t<\/div>\n\t\t\t\t<\/div>\n\t\t\t\t<div class=\"elementor-element elementor-element-a4f1160 elementor-view-default elementor-widget elementor-widget-icon\" data-id=\"a4f1160\" data-element_type=\"widget\" data-e-type=\"widget\" data-widget_type=\"icon.default\">\n\t\t\t\t<div class=\"elementor-widget-container\">\n\t\t\t\t\t\t\t<div class=\"elementor-icon-wrapper\">\n\t\t\t<div class=\"elementor-icon\">\n\t\t\t<i aria-hidden=\"true\" class=\"icon icon-house\"><\/i>\t\t\t<\/div>\n\t\t<\/div>\n\t\t\t\t\t\t<\/div>\n\t\t\t\t<\/div>\n\t\t<div class=\"elementor-element elementor-element-7a34014 e-con-full e-flex e-con e-child\" data-id=\"7a34014\" data-element_type=\"container\" data-e-type=\"container\">\n\t\t\t\t<div class=\"elementor-element elementor-element-e6f5a19 elementor-widget elementor-widget-text-editor\" data-id=\"e6f5a19\" data-element_type=\"widget\" data-e-type=\"widget\" data-widget_type=\"text-editor.default\">\n\t\t\t\t<div class=\"elementor-widget-container\">\n\t\t\t\t\t\t\t\t\t<ul><li>\u00eenfiin\u021barea unei societ\u0103\u021bi \u2013 redactarea tuturor \u00eenscrisurilor necesare constituirii unei persoane juridice (act constitutiv, declara\u021bii, contracte privind sediul), precum \u0219i parcurgerea \u00een numele clientului a procedurii \u00een fa\u021ba Registrului Comer\u021bului<\/li><li>stabilirea sediului social al societ\u0103\u021bii la sediul avocatului pe o perioad\u0103 limitat\u0103 de 1 an<\/li><li>\u00eenregistrarea oric\u0103ror modific\u0103ri corporative ale unei societ\u0103\u021bi (schimbare sediu, modificare obiect de activitate, cesiune p\u0103r\u021bi sociale, schimbare administrator, \u00eenfiin\u021bare\/desfiin\u021bare punct de lucru, majorare\/reducere capital social, etc.)<\/li><li>asistarea \u0219i reprezentarea \u00een cadrul procedurii de lichidare voluntar\u0103<\/li><li>redactarea de decizii ale asociatului unic sau de hot\u0103r\u00e2ri ale adun\u0103rii generale a asocia\u021bilor, \u00een conformitate cu voin\u021ba acestora<\/li><li>redactare \u0219i revizuire de contracte comerciale<\/li><li>negocieri comerciale<\/li><li>due diligence<\/li><li>notific\u0103ri \/ r\u0103spunsuri la notific\u0103ri c\u0103tre institu\u021bii publice \u0219i parteneri comerciali<\/li><li>conformitate legal\u0103<\/li><li>litigii pentru recuperarea datoriilor ori alte probleme de natur\u0103 comercial\u0103<\/li><\/ul>\t\t\t\t\t\t\t\t<\/div>\n\t\t\t\t<\/div>\n\t\t\t\t<\/div>\n\t\t\t\t\t<\/div>\n\t\t\t\t<\/div>\n\t\t\t\t<\/div>\n\t\t","protected":false},"excerpt":{"rendered":"<p>Drept comercial &amp; societar \u00eenfiin\u021barea unei societ\u0103\u021bi \u2013 redactarea tuturor \u00eenscrisurilor necesare constituirii unei persoane juridice (act constitutiv, declara\u021bii, contracte [&hellip;]<\/p>\n","protected":false},"author":1,"featured_media":0,"parent":0,"menu_order":0,"comment_status":"closed","ping_status":"closed","template":"","meta":{"site-sidebar-layout":"no-sidebar","site-content-layout":"page-builder","ast-site-content-layout":"full-width-container","site-content-style":"default","site-sidebar-style":"default","ast-global-header-display":"","ast-banner-title-visibility":"","ast-main-header-display":"","ast-hfb-above-header-display":"","ast-hfb-below-header-display":"","ast-hfb-mobile-header-display":"","site-post-title":"disabled","ast-breadcrumbs-content":"","ast-featured-img":"disabled","footer-sml-layout":"","theme-transparent-header-meta":"","adv-header-id-meta":"","stick-header-meta":"","header-above-stick-meta":"","header-main-stick-meta":"","header-below-stick-meta":"","astra-migrate-meta-layouts":"set","ast-page-background-enabled":"default","ast-page-background-meta":{"desktop":{"background-color":"","background-image":"","background-repeat":"repeat","background-position":"center center","background-size":"auto","background-attachment":"scroll","background-type":"","background-media":"","overlay-type":"","overlay-color":"","overlay-opacity":"","overlay-gradient":""},"tablet":{"background-color":"","background-image":"","background-repeat":"repeat","background-position":"center center","background-size":"auto","background-attachment":"scroll","background-type":"","background-media":"","overlay-type":"","overlay-color":"","overlay-opacity":"","overlay-gradient":""},"mobile":{"background-color":"","background-image":"","background-repeat":"repeat","background-position":"center center","background-size":"auto","background-attachment":"scroll","background-type":"","background-media":"","overlay-type":"","overlay-color":"","overlay-opacity":"","overlay-gradient":""}},"ast-content-background-meta":{"desktop":{"background-color":"var(--ast-global-color-5)","background-image":"","background-repeat":"repeat","background-position":"center center","background-size":"auto","background-attachment":"scroll","background-type":"","background-media":"","overlay-type":"","overlay-color":"","overlay-opacity":"","overlay-gradient":""},"tablet":{"background-color":"var(--ast-global-color-5)","background-image":"","background-repeat":"repeat","background-position":"center center","background-size":"auto","background-attachment":"scroll","background-type":"","background-media":"","overlay-type":"","overlay-color":"","overlay-opacity":"","overlay-gradient":""},"mobile":{"background-color":"var(--ast-global-color-5)","background-image":"","background-repeat":"repeat","background-position":"center center","background-size":"auto","background-attachment":"scroll","background-type":"","background-media":"","overlay-type":"","overlay-color":"","overlay-opacity":"","overlay-gradient":""}},"footnotes":""},"class_list":["post-1095","page","type-page","status-publish","hentry"],"_links":{"self":[{"href":"https:\/\/nutasiasociatii.ro\/ro\/wp-json\/wp\/v2\/pages\/1095"}],"collection":[{"href":"https:\/\/nutasiasociatii.ro\/ro\/wp-json\/wp\/v2\/pages"}],"about":[{"href":"https:\/\/nutasiasociatii.ro\/ro\/wp-json\/wp\/v2\/types\/page"}],"author":[{"embeddable":true,"href":"https:\/\/nutasiasociatii.ro\/ro\/wp-json\/wp\/v2\/users\/1"}],"replies":[{"embeddable":true,"href":"https:\/\/nutasiasociatii.ro\/ro\/wp-json\/wp\/v2\/comments?post=1095"}],"version-history":[{"count":16,"href":"https:\/\/nutasiasociatii.ro\/ro\/wp-json\/wp\/v2\/pages\/1095\/revisions"}],"predecessor-version":[{"id":2737,"href":"https:\/\/nutasiasociatii.ro\/ro\/wp-json\/wp\/v2\/pages\/1095\/revisions\/2737"}],"wp:attachment":[{"href":"https:\/\/nutasiasociatii.ro\/ro\/wp-json\/wp\/v2\/media?parent=1095"}],"curies":[{"name":"wp","href":"https:\/\/api.w.org\/{rel}","templated":true}]}}