{"id":1132,"date":"2024-08-10T15:15:58","date_gmt":"2024-08-10T15:15:58","guid":{"rendered":"https:\/\/nutasiasociatii.ro\/?page_id=1132"},"modified":"2024-09-03T19:42:59","modified_gmt":"2024-09-03T19:42:59","slug":"dreptul-muncii","status":"publish","type":"page","link":"https:\/\/nutasiasociatii.ro\/ro\/dreptul-muncii\/","title":{"rendered":"Dreptul muncii"},"content":{"rendered":"\t\t<div data-elementor-type=\"wp-page\" data-elementor-id=\"1132\" class=\"elementor elementor-1132\" data-elementor-post-type=\"page\">\n\t\t\t\t<div class=\"elementor-element elementor-element-b5606d3 e-flex e-con-boxed e-con e-parent\" data-id=\"b5606d3\" data-element_type=\"container\" data-e-type=\"container\" data-settings=\"{&quot;background_background&quot;:&quot;classic&quot;}\">\n\t\t\t\t\t<div class=\"e-con-inner\">\n\t\t<div class=\"elementor-element elementor-element-80579d7 e-con-full e-flex e-con e-child\" data-id=\"80579d7\" data-element_type=\"container\" data-e-type=\"container\">\n\t\t\t\t<div class=\"elementor-element elementor-element-a8d4c3e elementor-widget elementor-widget-heading\" data-id=\"a8d4c3e\" data-element_type=\"widget\" data-e-type=\"widget\" data-widget_type=\"heading.default\">\n\t\t\t\t<div class=\"elementor-widget-container\">\n\t\t\t\t\t<h2 class=\"elementor-heading-title elementor-size-default\">Dreptul muncii<\/h2>\t\t\t\t<\/div>\n\t\t\t\t<\/div>\n\t\t\t\t<div class=\"elementor-element elementor-element-e3e675b elementor-view-default elementor-widget elementor-widget-icon\" data-id=\"e3e675b\" data-element_type=\"widget\" data-e-type=\"widget\" data-widget_type=\"icon.default\">\n\t\t\t\t<div class=\"elementor-widget-container\">\n\t\t\t\t\t\t\t<div class=\"elementor-icon-wrapper\">\n\t\t\t<div class=\"elementor-icon\">\n\t\t\t<i aria-hidden=\"true\" class=\"icon icon-Mechanic\"><\/i>\t\t\t<\/div>\n\t\t<\/div>\n\t\t\t\t\t\t<\/div>\n\t\t\t\t<\/div>\n\t\t\t\t<\/div>\n\t\t<div class=\"elementor-element elementor-element-03d4ae0 e-con-full e-flex e-con e-child\" data-id=\"03d4ae0\" data-element_type=\"container\" data-e-type=\"container\">\n\t\t\t\t<div class=\"elementor-element elementor-element-d744b54 elementor-widget elementor-widget-text-editor\" data-id=\"d744b54\" data-element_type=\"widget\" data-e-type=\"widget\" data-widget_type=\"text-editor.default\">\n\t\t\t\t<div class=\"elementor-widget-container\">\n\t\t\t\t\t\t\t\t\t<ul><li>negocierea, redactarea \u0219i revizuirea contractului individual de munc\u0103 \u0219i a fi\u0219ei de post<\/li><li>elaborarea unor clauze contractuale specifice, ca parte integrant\u0103 a contractului individual de munc\u0103, \u00een vederea protej\u0103rii intereselor clientului (clauz\u0103 de neconcuren\u021b\u0103, clauz\u0103 de confiden\u021bialitate, clauz\u0103 de mobilitate, clauz\u0103 cu privire la formarea profesional\u0103 etc.)<\/li><li>redactarea \u0219i revizuirea Regulamentului Intern \u0219i a altor proceduri interne privitoare la organizarea \u0219i disciplina muncii<\/li><li>\u00eencetarea contractului individual de munc\u0103 (demisie, concediere, acordul p\u0103r\u021bilor)<\/li><li>asisten\u021ba \u0219i negocierea \u00een vederea ob\u021binerii unor pachete compensatorii la \u00eencetarea raporturilor de munc\u0103<\/li><li>medierea \u00een vederea stingerii conflictelor individuale de munc\u0103<\/li><li>asistarea \u00een procedura cercet\u0103rii disciplinare<\/li><li>negocieri colective, redactarea \u0219i \u00eencheierea contractului colectiv de munc\u0103<\/li><li>contestarea deciziilor de concediere \u0219i a altor acte unilaterale ale angajatorului<\/li><li>litigii privind drepturile salariale restante, h\u0103r\u021buirea la locul de munc\u0103 sau alte aspecte legate de rela\u021biile dintre angajat \u0219i angajator<\/li><li>asistarea \u0219i reprezentarea \u00een fa\u021ba autorit\u0103\u021bilor competente cu rol de verificare a \u00eendeplinirii obliga\u021biilor prev\u0103zute \u00een legisla\u021bia muncii<\/li><li>conformitatea cu dispozi\u021biile legale \u00een vigoare<\/li><\/ul>\t\t\t\t\t\t\t\t<\/div>\n\t\t\t\t<\/div>\n\t\t\t\t<\/div>\n\t\t\t\t\t<\/div>\n\t\t\t\t<\/div>\n\t\t\t\t<\/div>\n\t\t","protected":false},"excerpt":{"rendered":"<p>Dreptul muncii negocierea, redactarea \u0219i revizuirea contractului individual de munc\u0103 \u0219i a fi\u0219ei de post elaborarea unor clauze contractuale specifice, [&hellip;]<\/p>\n","protected":false},"author":1,"featured_media":0,"parent":0,"menu_order":0,"comment_status":"closed","ping_status":"closed","template":"","meta":{"site-sidebar-layout":"no-sidebar","site-content-layout":"page-builder","ast-site-content-layout":"full-width-container","site-content-style":"default","site-sidebar-style":"default","ast-global-header-display":"","ast-banner-title-visibility":"","ast-main-header-display":"","ast-hfb-above-header-display":"","ast-hfb-below-header-display":"","ast-hfb-mobile-header-display":"","site-post-title":"disabled","ast-breadcrumbs-content":"","ast-featured-img":"disabled","footer-sml-layout":"","theme-transparent-header-meta":"","adv-header-id-meta":"","stick-header-meta":"","header-above-stick-meta":"","header-main-stick-meta":"","header-below-stick-meta":"","astra-migrate-meta-layouts":"set","ast-page-background-enabled":"default","ast-page-background-meta":{"desktop":{"background-color":"","background-image":"","background-repeat":"repeat","background-position":"center center","background-size":"auto","background-attachment":"scroll","background-type":"","background-media":"","overlay-type":"","overlay-color":"","overlay-opacity":"","overlay-gradient":""},"tablet":{"background-color":"","background-image":"","background-repeat":"repeat","background-position":"center center","background-size":"auto","background-attachment":"scroll","background-type":"","background-media":"","overlay-type":"","overlay-color":"","overlay-opacity":"","overlay-gradient":""},"mobile":{"background-color":"","background-image":"","background-repeat":"repeat","background-position":"center center","background-size":"auto","background-attachment":"scroll","background-type":"","background-media":"","overlay-type":"","overlay-color":"","overlay-opacity":"","overlay-gradient":""}},"ast-content-background-meta":{"desktop":{"background-color":"var(--ast-global-color-5)","background-image":"","background-repeat":"repeat","background-position":"center center","background-size":"auto","background-attachment":"scroll","background-type":"","background-media":"","overlay-type":"","overlay-color":"","overlay-opacity":"","overlay-gradient":""},"tablet":{"background-color":"var(--ast-global-color-5)","background-image":"","background-repeat":"repeat","background-position":"center center","background-size":"auto","background-attachment":"scroll","background-type":"","background-media":"","overlay-type":"","overlay-color":"","overlay-opacity":"","overlay-gradient":""},"mobile":{"background-color":"var(--ast-global-color-5)","background-image":"","background-repeat":"repeat","background-position":"center center","background-size":"auto","background-attachment":"scroll","background-type":"","background-media":"","overlay-type":"","overlay-color":"","overlay-opacity":"","overlay-gradient":""}},"footnotes":""},"class_list":["post-1132","page","type-page","status-publish","hentry"],"_links":{"self":[{"href":"https:\/\/nutasiasociatii.ro\/ro\/wp-json\/wp\/v2\/pages\/1132"}],"collection":[{"href":"https:\/\/nutasiasociatii.ro\/ro\/wp-json\/wp\/v2\/pages"}],"about":[{"href":"https:\/\/nutasiasociatii.ro\/ro\/wp-json\/wp\/v2\/types\/page"}],"author":[{"embeddable":true,"href":"https:\/\/nutasiasociatii.ro\/ro\/wp-json\/wp\/v2\/users\/1"}],"replies":[{"embeddable":true,"href":"https:\/\/nutasiasociatii.ro\/ro\/wp-json\/wp\/v2\/comments?post=1132"}],"version-history":[{"count":13,"href":"https:\/\/nutasiasociatii.ro\/ro\/wp-json\/wp\/v2\/pages\/1132\/revisions"}],"predecessor-version":[{"id":2743,"href":"https:\/\/nutasiasociatii.ro\/ro\/wp-json\/wp\/v2\/pages\/1132\/revisions\/2743"}],"wp:attachment":[{"href":"https:\/\/nutasiasociatii.ro\/ro\/wp-json\/wp\/v2\/media?parent=1132"}],"curies":[{"name":"wp","href":"https:\/\/api.w.org\/{rel}","templated":true}]}}