{"id":1156,"date":"2024-08-10T15:27:44","date_gmt":"2024-08-10T15:27:44","guid":{"rendered":"https:\/\/nutasiasociatii.ro\/?page_id=1156"},"modified":"2024-09-03T19:42:35","modified_gmt":"2024-09-03T19:42:35","slug":"drept-imobiliar","status":"publish","type":"page","link":"https:\/\/nutasiasociatii.ro\/ro\/drept-imobiliar\/","title":{"rendered":"Drept imobiliar"},"content":{"rendered":"\t\t<div data-elementor-type=\"wp-page\" data-elementor-id=\"1156\" class=\"elementor elementor-1156\" data-elementor-post-type=\"page\">\n\t\t\t\t<div class=\"elementor-element elementor-element-f7c1157 e-flex e-con-boxed e-con e-parent\" data-id=\"f7c1157\" data-element_type=\"container\" data-e-type=\"container\" data-settings=\"{&quot;background_background&quot;:&quot;classic&quot;}\">\n\t\t\t\t\t<div class=\"e-con-inner\">\n\t\t<div class=\"elementor-element elementor-element-8bfdd44 e-con-full e-flex e-con e-child\" data-id=\"8bfdd44\" data-element_type=\"container\" data-e-type=\"container\">\n\t\t\t\t<div class=\"elementor-element elementor-element-0118709 elementor-widget elementor-widget-heading\" data-id=\"0118709\" data-element_type=\"widget\" data-e-type=\"widget\" data-widget_type=\"heading.default\">\n\t\t\t\t<div class=\"elementor-widget-container\">\n\t\t\t\t\t<h2 class=\"elementor-heading-title elementor-size-default\">Drept imobiliar<\/h2>\t\t\t\t<\/div>\n\t\t\t\t<\/div>\n\t\t\t\t<\/div>\n\t\t\t\t<div class=\"elementor-element elementor-element-cdd25bf elementor-view-default elementor-widget elementor-widget-icon\" data-id=\"cdd25bf\" data-element_type=\"widget\" data-e-type=\"widget\" data-widget_type=\"icon.default\">\n\t\t\t\t<div class=\"elementor-widget-container\">\n\t\t\t\t\t\t\t<div class=\"elementor-icon-wrapper\">\n\t\t\t<div class=\"elementor-icon\">\n\t\t\t<i aria-hidden=\"true\" class=\"icon icon-apartment1\"><\/i>\t\t\t<\/div>\n\t\t<\/div>\n\t\t\t\t\t\t<\/div>\n\t\t\t\t<\/div>\n\t\t<div class=\"elementor-element elementor-element-7d16a47 e-con-full e-flex e-con e-child\" data-id=\"7d16a47\" data-element_type=\"container\" data-e-type=\"container\">\n\t\t\t\t<div class=\"elementor-element elementor-element-ddfd502 elementor-widget elementor-widget-text-editor\" data-id=\"ddfd502\" data-element_type=\"widget\" data-e-type=\"widget\" data-widget_type=\"text-editor.default\">\n\t\t\t\t<div class=\"elementor-widget-container\">\n\t\t\t\t\t\t\t\t\t<ul><li>due dilligence al imobilelor care urmeaz\u0103 s\u0103 fac\u0103 obiectul unui contract imobiliar<\/li><li>asisten\u021b\u0103 \u00een ob\u021binerea documentelor necesare \u00eencheierii contractului de v\u00e2nzare<\/li><li>negocierea, redactarea \u0219i revizuirea contractelor din domeniul imobiliar (promisiune de v\u00e2nzare, contract de v\u00e2nzare, contract de \u00eenchiriere, contract de ipotec\u0103 etc.)<\/li><li>asisten\u021b\u0103 juridic\u0103 privind intabul\u0103ri, rectific\u0103ri \u0219i not\u0103ri \u00een cartea funciar\u0103 a imobilului<\/li><li>litigii cu privire la dreptul de proprietate \u0219i dezmembr\u0103mintele acestuia (uz, uzufruct, abita\u021bie, servitute, superficie)<\/li><\/ul>\t\t\t\t\t\t\t\t<\/div>\n\t\t\t\t<\/div>\n\t\t\t\t<\/div>\n\t\t\t\t\t<\/div>\n\t\t\t\t<\/div>\n\t\t\t\t<\/div>\n\t\t","protected":false},"excerpt":{"rendered":"<p>Drept imobiliar due dilligence al imobilelor care urmeaz\u0103 s\u0103 fac\u0103 obiectul unui contract imobiliar asisten\u021b\u0103 \u00een ob\u021binerea documentelor necesare \u00eencheierii [&hellip;]<\/p>\n","protected":false},"author":1,"featured_media":0,"parent":0,"menu_order":0,"comment_status":"closed","ping_status":"closed","template":"","meta":{"site-sidebar-layout":"no-sidebar","site-content-layout":"page-builder","ast-site-content-layout":"full-width-container","site-content-style":"default","site-sidebar-style":"default","ast-global-header-display":"","ast-banner-title-visibility":"","ast-main-header-display":"","ast-hfb-above-header-display":"","ast-hfb-below-header-display":"","ast-hfb-mobile-header-display":"","site-post-title":"disabled","ast-breadcrumbs-content":"","ast-featured-img":"disabled","footer-sml-layout":"","theme-transparent-header-meta":"","adv-header-id-meta":"","stick-header-meta":"","header-above-stick-meta":"","header-main-stick-meta":"","header-below-stick-meta":"","astra-migrate-meta-layouts":"set","ast-page-background-enabled":"default","ast-page-background-meta":{"desktop":{"background-color":"","background-image":"","background-repeat":"repeat","background-position":"center center","background-size":"auto","background-attachment":"scroll","background-type":"","background-media":"","overlay-type":"","overlay-color":"","overlay-opacity":"","overlay-gradient":""},"tablet":{"background-color":"","background-image":"","background-repeat":"repeat","background-position":"center center","background-size":"auto","background-attachment":"scroll","background-type":"","background-media":"","overlay-type":"","overlay-color":"","overlay-opacity":"","overlay-gradient":""},"mobile":{"background-color":"","background-image":"","background-repeat":"repeat","background-position":"center center","background-size":"auto","background-attachment":"scroll","background-type":"","background-media":"","overlay-type":"","overlay-color":"","overlay-opacity":"","overlay-gradient":""}},"ast-content-background-meta":{"desktop":{"background-color":"var(--ast-global-color-5)","background-image":"","background-repeat":"repeat","background-position":"center center","background-size":"auto","background-attachment":"scroll","background-type":"","background-media":"","overlay-type":"","overlay-color":"","overlay-opacity":"","overlay-gradient":""},"tablet":{"background-color":"var(--ast-global-color-5)","background-image":"","background-repeat":"repeat","background-position":"center center","background-size":"auto","background-attachment":"scroll","background-type":"","background-media":"","overlay-type":"","overlay-color":"","overlay-opacity":"","overlay-gradient":""},"mobile":{"background-color":"var(--ast-global-color-5)","background-image":"","background-repeat":"repeat","background-position":"center center","background-size":"auto","background-attachment":"scroll","background-type":"","background-media":"","overlay-type":"","overlay-color":"","overlay-opacity":"","overlay-gradient":""}},"footnotes":""},"class_list":["post-1156","page","type-page","status-publish","hentry"],"_links":{"self":[{"href":"https:\/\/nutasiasociatii.ro\/ro\/wp-json\/wp\/v2\/pages\/1156"}],"collection":[{"href":"https:\/\/nutasiasociatii.ro\/ro\/wp-json\/wp\/v2\/pages"}],"about":[{"href":"https:\/\/nutasiasociatii.ro\/ro\/wp-json\/wp\/v2\/types\/page"}],"author":[{"embeddable":true,"href":"https:\/\/nutasiasociatii.ro\/ro\/wp-json\/wp\/v2\/users\/1"}],"replies":[{"embeddable":true,"href":"https:\/\/nutasiasociatii.ro\/ro\/wp-json\/wp\/v2\/comments?post=1156"}],"version-history":[{"count":13,"href":"https:\/\/nutasiasociatii.ro\/ro\/wp-json\/wp\/v2\/pages\/1156\/revisions"}],"predecessor-version":[{"id":2771,"href":"https:\/\/nutasiasociatii.ro\/ro\/wp-json\/wp\/v2\/pages\/1156\/revisions\/2771"}],"wp:attachment":[{"href":"https:\/\/nutasiasociatii.ro\/ro\/wp-json\/wp\/v2\/media?parent=1156"}],"curies":[{"name":"wp","href":"https:\/\/api.w.org\/{rel}","templated":true}]}}