{"id":1578,"date":"2024-08-11T20:41:58","date_gmt":"2024-08-11T20:41:58","guid":{"rendered":"https:\/\/nutasiasociatii.ro\/?page_id=1578"},"modified":"2024-09-03T19:43:05","modified_gmt":"2024-09-03T19:43:05","slug":"litigii-si-consultanta","status":"publish","type":"page","link":"https:\/\/nutasiasociatii.ro\/ro\/litigii-si-consultanta\/","title":{"rendered":"Litigii \u0219i consultan\u021b\u0103"},"content":{"rendered":"\t\t<div data-elementor-type=\"wp-page\" data-elementor-id=\"1578\" class=\"elementor elementor-1578\" data-elementor-post-type=\"page\">\n\t\t\t\t<div class=\"elementor-element elementor-element-a29fd29 elementor-hidden-mobile e-flex e-con-boxed e-con e-parent\" data-id=\"a29fd29\" data-element_type=\"container\" data-e-type=\"container\" data-settings=\"{&quot;background_background&quot;:&quot;classic&quot;}\">\n\t\t\t\t\t<div class=\"e-con-inner\">\n\t\t<div class=\"elementor-element elementor-element-1f2588c e-con-full e-flex e-con e-child\" data-id=\"1f2588c\" data-element_type=\"container\" data-e-type=\"container\">\n\t\t\t\t<div class=\"elementor-element elementor-element-c49f807 elementor-widget elementor-widget-text-editor\" data-id=\"c49f807\" data-element_type=\"widget\" data-e-type=\"widget\" data-widget_type=\"text-editor.default\">\n\t\t\t\t<div class=\"elementor-widget-container\">\n\t\t\t\t\t\t\t\t\t<p><strong>I. Litigii<\/strong><\/p><ul><li>analiza situa\u021biei de fapt pre litigioas\u0103 \u0219i a \u00eenscrisurilor puse la dispozi\u021bie de c\u0103tre client<\/li><li>identificarea temeiurilor de drept aplicabile (\u00eencadrarea situa\u021biei de fapt), precum \u0219i tuturor mijloacelor legale favorabile intereselor clientului<\/li><li>negocierea \u0219i medierea \u00een vederea \u00eencheierii unei tranzac\u021bii \u0219i stingerii litigiului pe cale amiabil\u0103<\/li><li>redactarea tuturor actelor procesuale \u00een numele clientului (cereri de chemare \u00een judecat\u0103, \u00eent\u00e2mpin\u0103ri, note scrise, orice alte acte)<\/li><li>reprezentarea \u0219i asistarea clientului \u00een fa\u021ba instan\u021belor judec\u0103tore\u0219ti competente \u0219i a altor institu\u021bii \u00een orice stadiu procesual (fond, apel, recurs, executare silit\u0103)<\/li><\/ul>\t\t\t\t\t\t\t\t<\/div>\n\t\t\t\t<\/div>\n\t\t\t\t<\/div>\n\t\t<div class=\"elementor-element elementor-element-f5ea680 e-con-full e-flex e-con e-child\" data-id=\"f5ea680\" data-element_type=\"container\" data-e-type=\"container\">\n\t\t\t\t<div class=\"elementor-element elementor-element-64dfcba elementor-widget elementor-widget-image\" data-id=\"64dfcba\" data-element_type=\"widget\" data-e-type=\"widget\" data-widget_type=\"image.default\">\n\t\t\t\t<div class=\"elementor-widget-container\">\n\t\t\t\t\t\t\t\t\t\t\t\t\t\t\t<img fetchpriority=\"high\" decoding=\"async\" width=\"1180\" height=\"563\" src=\"https:\/\/nutasiasociatii.ro\/wp-content\/uploads\/2024\/08\/lawyer-image.png\" class=\"attachment-full size-full wp-image-829\" alt=\"\" srcset=\"https:\/\/nutasiasociatii.ro\/wp-content\/uploads\/2024\/08\/lawyer-image.png 1180w, https:\/\/nutasiasociatii.ro\/wp-content\/uploads\/2024\/08\/lawyer-image-300x143.png 300w, https:\/\/nutasiasociatii.ro\/wp-content\/uploads\/2024\/08\/lawyer-image-1024x489.png 1024w, https:\/\/nutasiasociatii.ro\/wp-content\/uploads\/2024\/08\/lawyer-image-768x366.png 768w\" sizes=\"(max-width: 1180px) 100vw, 1180px\" \/>\t\t\t\t\t\t\t\t\t\t\t\t\t\t\t<\/div>\n\t\t\t\t<\/div>\n\t\t\t\t<\/div>\n\t\t\t\t\t<\/div>\n\t\t\t\t<\/div>\n\t\t<div class=\"elementor-element elementor-element-aefa569 elementor-hidden-mobile e-flex e-con-boxed e-con e-parent\" data-id=\"aefa569\" data-element_type=\"container\" data-e-type=\"container\" data-settings=\"{&quot;background_background&quot;:&quot;classic&quot;}\">\n\t\t\t\t\t<div class=\"e-con-inner\">\n\t\t<div class=\"elementor-element elementor-element-8aa1350 e-con-full e-flex e-con e-child\" data-id=\"8aa1350\" data-element_type=\"container\" data-e-type=\"container\">\n\t\t\t\t<div class=\"elementor-element elementor-element-c501fb1 elementor-widget elementor-widget-image\" data-id=\"c501fb1\" data-element_type=\"widget\" data-e-type=\"widget\" data-widget_type=\"image.default\">\n\t\t\t\t<div class=\"elementor-widget-container\">\n\t\t\t\t\t\t\t\t\t\t\t\t\t\t\t<img decoding=\"async\" width=\"2560\" height=\"1707\" src=\"https:\/\/nutasiasociatii.ro\/wp-content\/uploads\/2024\/08\/briefcases-scaled.jpeg\" class=\"attachment-full size-full wp-image-828\" alt=\"\" srcset=\"https:\/\/nutasiasociatii.ro\/wp-content\/uploads\/2024\/08\/briefcases-scaled.jpeg 2560w, https:\/\/nutasiasociatii.ro\/wp-content\/uploads\/2024\/08\/briefcases-300x200.jpeg 300w, https:\/\/nutasiasociatii.ro\/wp-content\/uploads\/2024\/08\/briefcases-1024x683.jpeg 1024w, https:\/\/nutasiasociatii.ro\/wp-content\/uploads\/2024\/08\/briefcases-768x512.jpeg 768w, https:\/\/nutasiasociatii.ro\/wp-content\/uploads\/2024\/08\/briefcases-1536x1024.jpeg 1536w, https:\/\/nutasiasociatii.ro\/wp-content\/uploads\/2024\/08\/briefcases-2048x1365.jpeg 2048w\" sizes=\"(max-width: 2560px) 100vw, 2560px\" \/>\t\t\t\t\t\t\t\t\t\t\t\t\t\t\t<\/div>\n\t\t\t\t<\/div>\n\t\t\t\t<\/div>\n\t\t<div class=\"elementor-element elementor-element-cc55f32 e-con-full e-flex e-con e-child\" data-id=\"cc55f32\" data-element_type=\"container\" data-e-type=\"container\">\n\t\t\t\t<div class=\"elementor-element elementor-element-c5f6294 elementor-widget elementor-widget-text-editor\" data-id=\"c5f6294\" data-element_type=\"widget\" data-e-type=\"widget\" data-widget_type=\"text-editor.default\">\n\t\t\t\t<div class=\"elementor-widget-container\">\n\t\t\t\t\t\t\t\t\t<p>II. Consultan\u021b\u0103<\/p><ul><li>\u00een\u021belegerea problemelor de natur\u0103 juridic\u0103 ale clientului \u0219i identificarea solu\u021biilor legale<\/li><li>prezentarea cadrului legislativ, identificarea corect\u0103 a normelor aplicabile \u0219i interpretarea acestora<\/li><li>redactarea opiniilor legale detaliate \u0219i personalizate \u00een func\u021bie de cerin\u021bele clientului<\/li><li>analiza \u0219i interpretarea clauzelor contractuale<\/li><li>redactarea \u0219i revizuirea actelor juridice (contracte, acte adi\u021bionale, notific\u0103ri, etc.)<\/li><li>asistarea \u0219i reprezentarea clientului \u00een negocieri \u0219i medieri<\/li><li>asistarea \u0219i reprezentarea \u00een fa\u021ba oric\u0103ror institu\u021bii publice pentru parcurgerea cu celeritate a unor proceduri administrative<\/li><\/ul>\t\t\t\t\t\t\t\t<\/div>\n\t\t\t\t<\/div>\n\t\t\t\t<\/div>\n\t\t\t\t\t<\/div>\n\t\t\t\t<\/div>\n\t\t<div class=\"elementor-element elementor-element-d00c3d9 elementor-hidden-desktop elementor-hidden-tablet e-flex e-con-boxed e-con e-parent\" data-id=\"d00c3d9\" data-element_type=\"container\" data-e-type=\"container\" data-settings=\"{&quot;background_background&quot;:&quot;classic&quot;}\">\n\t\t\t\t\t<div class=\"e-con-inner\">\n\t\t<div class=\"elementor-element elementor-element-6157873 e-con-full e-flex e-con e-child\" data-id=\"6157873\" data-element_type=\"container\" data-e-type=\"container\">\n\t\t\t\t<div class=\"elementor-element elementor-element-2460ed2 elementor-widget elementor-widget-text-editor\" data-id=\"2460ed2\" data-element_type=\"widget\" data-e-type=\"widget\" data-widget_type=\"text-editor.default\">\n\t\t\t\t<div class=\"elementor-widget-container\">\n\t\t\t\t\t\t\t\t\t<p><strong>I. Litigii<\/strong><\/p><ul><li>analiza situa\u021biei de fapt pre litigioas\u0103 \u0219i a \u00eenscrisurilor puse la dispozi\u021bie de c\u0103tre client<\/li><li>identificarea temeiurilor de drept aplicabile (\u00eencadrarea situa\u021biei de fapt), precum \u0219i tuturor mijloacelor legale favorabile intereselor clientului<\/li><li>negocierea \u0219i medierea \u00een vederea \u00eencheierii unei tranzac\u021bii \u0219i stingerii litigiului pe cale amiabil\u0103<\/li><li>redactarea tuturor actelor procesuale \u00een numele clientului (cereri de chemare \u00een judecat\u0103, \u00eent\u00e2mpin\u0103ri, note scrise, orice alte acte)<\/li><li>reprezentarea \u0219i asistarea clientului \u00een fa\u021ba instan\u021belor judec\u0103tore\u0219ti competente \u0219i a altor institu\u021bii \u00een orice stadiu procesual (fond, apel, recurs, executare silit\u0103)<\/li><\/ul>\t\t\t\t\t\t\t\t<\/div>\n\t\t\t\t<\/div>\n\t\t\t\t<\/div>\n\t\t<div class=\"elementor-element elementor-element-57831c2 e-con-full e-flex e-con e-child\" data-id=\"57831c2\" data-element_type=\"container\" data-e-type=\"container\">\n\t\t\t\t<div class=\"elementor-element elementor-element-6c938a3 elementor-widget elementor-widget-image\" data-id=\"6c938a3\" data-element_type=\"widget\" data-e-type=\"widget\" data-widget_type=\"image.default\">\n\t\t\t\t<div class=\"elementor-widget-container\">\n\t\t\t\t\t\t\t\t\t\t\t\t\t\t\t<img fetchpriority=\"high\" decoding=\"async\" width=\"1180\" height=\"563\" src=\"https:\/\/nutasiasociatii.ro\/wp-content\/uploads\/2024\/08\/lawyer-image.png\" class=\"attachment-full size-full wp-image-829\" alt=\"\" srcset=\"https:\/\/nutasiasociatii.ro\/wp-content\/uploads\/2024\/08\/lawyer-image.png 1180w, https:\/\/nutasiasociatii.ro\/wp-content\/uploads\/2024\/08\/lawyer-image-300x143.png 300w, https:\/\/nutasiasociatii.ro\/wp-content\/uploads\/2024\/08\/lawyer-image-1024x489.png 1024w, https:\/\/nutasiasociatii.ro\/wp-content\/uploads\/2024\/08\/lawyer-image-768x366.png 768w\" sizes=\"(max-width: 1180px) 100vw, 1180px\" \/>\t\t\t\t\t\t\t\t\t\t\t\t\t\t\t<\/div>\n\t\t\t\t<\/div>\n\t\t\t\t<\/div>\n\t\t\t\t\t<\/div>\n\t\t\t\t<\/div>\n\t\t<div class=\"elementor-element elementor-element-e69cfd3 elementor-hidden-desktop elementor-hidden-tablet e-flex e-con-boxed e-con e-parent\" data-id=\"e69cfd3\" data-element_type=\"container\" data-e-type=\"container\" data-settings=\"{&quot;background_background&quot;:&quot;classic&quot;}\">\n\t\t\t\t\t<div class=\"e-con-inner\">\n\t\t<div class=\"elementor-element elementor-element-e172bb9 e-con-full e-flex e-con e-child\" data-id=\"e172bb9\" data-element_type=\"container\" data-e-type=\"container\">\n\t\t\t\t<div class=\"elementor-element elementor-element-ad77675 elementor-widget elementor-widget-text-editor\" data-id=\"ad77675\" data-element_type=\"widget\" data-e-type=\"widget\" data-widget_type=\"text-editor.default\">\n\t\t\t\t<div class=\"elementor-widget-container\">\n\t\t\t\t\t\t\t\t\t<p>II. Consultan\u021b\u0103<\/p><ul><li>\u00een\u021belegerea problemelor de natur\u0103 juridic\u0103 ale clientului \u0219i identificarea solu\u021biilor legale<\/li><li>prezentarea cadrului legislativ, identificarea corect\u0103 a normelor aplicabile \u0219i interpretarea acestora<\/li><li>redactarea opiniilor legale detaliate \u0219i personalizate \u00een func\u021bie de cerin\u021bele clientului<\/li><li>analiza \u0219i interpretarea clauzelor contractuale<\/li><li>redactarea \u0219i revizuirea actelor juridice (contracte, acte adi\u021bionale, notific\u0103ri, etc.)<\/li><li>asistarea \u0219i reprezentarea clientului \u00een negocieri \u0219i medieri<\/li><li>asistarea \u0219i reprezentarea \u00een fa\u021ba oric\u0103ror institu\u021bii publice pentru parcurgerea cu celeritate a unor proceduri administrative<\/li><\/ul>\t\t\t\t\t\t\t\t<\/div>\n\t\t\t\t<\/div>\n\t\t\t\t<\/div>\n\t\t<div class=\"elementor-element elementor-element-9e4287a e-con-full e-flex e-con e-child\" data-id=\"9e4287a\" data-element_type=\"container\" data-e-type=\"container\">\n\t\t\t\t<div class=\"elementor-element elementor-element-ceefe5f elementor-widget elementor-widget-image\" data-id=\"ceefe5f\" data-element_type=\"widget\" data-e-type=\"widget\" data-widget_type=\"image.default\">\n\t\t\t\t<div class=\"elementor-widget-container\">\n\t\t\t\t\t\t\t\t\t\t\t\t\t\t\t<img decoding=\"async\" width=\"2560\" height=\"1707\" src=\"https:\/\/nutasiasociatii.ro\/wp-content\/uploads\/2024\/08\/briefcases-scaled.jpeg\" class=\"attachment-full size-full wp-image-828\" alt=\"\" srcset=\"https:\/\/nutasiasociatii.ro\/wp-content\/uploads\/2024\/08\/briefcases-scaled.jpeg 2560w, https:\/\/nutasiasociatii.ro\/wp-content\/uploads\/2024\/08\/briefcases-300x200.jpeg 300w, https:\/\/nutasiasociatii.ro\/wp-content\/uploads\/2024\/08\/briefcases-1024x683.jpeg 1024w, https:\/\/nutasiasociatii.ro\/wp-content\/uploads\/2024\/08\/briefcases-768x512.jpeg 768w, https:\/\/nutasiasociatii.ro\/wp-content\/uploads\/2024\/08\/briefcases-1536x1024.jpeg 1536w, https:\/\/nutasiasociatii.ro\/wp-content\/uploads\/2024\/08\/briefcases-2048x1365.jpeg 2048w\" sizes=\"(max-width: 2560px) 100vw, 2560px\" \/>\t\t\t\t\t\t\t\t\t\t\t\t\t\t\t<\/div>\n\t\t\t\t<\/div>\n\t\t\t\t<\/div>\n\t\t\t\t\t<\/div>\n\t\t\t\t<\/div>\n\t\t\t\t<\/div>\n\t\t","protected":false},"excerpt":{"rendered":"<p>I. Litigii analiza situa\u021biei de fapt pre litigioas\u0103 \u0219i a \u00eenscrisurilor puse la dispozi\u021bie de c\u0103tre client identificarea temeiurilor de [&hellip;]<\/p>\n","protected":false},"author":1,"featured_media":0,"parent":0,"menu_order":0,"comment_status":"closed","ping_status":"closed","template":"","meta":{"site-sidebar-layout":"no-sidebar","site-content-layout":"page-builder","ast-site-content-layout":"full-width-container","site-content-style":"default","site-sidebar-style":"default","ast-global-header-display":"","ast-banner-title-visibility":"","ast-main-header-display":"","ast-hfb-above-header-display":"","ast-hfb-below-header-display":"","ast-hfb-mobile-header-display":"","site-post-title":"disabled","ast-breadcrumbs-content":"","ast-featured-img":"disabled","footer-sml-layout":"","theme-transparent-header-meta":"","adv-header-id-meta":"","stick-header-meta":"","header-above-stick-meta":"","header-main-stick-meta":"","header-below-stick-meta":"","astra-migrate-meta-layouts":"set","ast-page-background-enabled":"default","ast-page-background-meta":{"desktop":{"background-color":"","background-image":"","background-repeat":"repeat","background-position":"center center","background-size":"auto","background-attachment":"scroll","background-type":"","background-media":"","overlay-type":"","overlay-color":"","overlay-opacity":"","overlay-gradient":""},"tablet":{"background-color":"","background-image":"","background-repeat":"repeat","background-position":"center center","background-size":"auto","background-attachment":"scroll","background-type":"","background-media":"","overlay-type":"","overlay-color":"","overlay-opacity":"","overlay-gradient":""},"mobile":{"background-color":"","background-image":"","background-repeat":"repeat","background-position":"center center","background-size":"auto","background-attachment":"scroll","background-type":"","background-media":"","overlay-type":"","overlay-color":"","overlay-opacity":"","overlay-gradient":""}},"ast-content-background-meta":{"desktop":{"background-color":"var(--ast-global-color-5)","background-image":"","background-repeat":"repeat","background-position":"center center","background-size":"auto","background-attachment":"scroll","background-type":"","background-media":"","overlay-type":"","overlay-color":"","overlay-opacity":"","overlay-gradient":""},"tablet":{"background-color":"var(--ast-global-color-5)","background-image":"","background-repeat":"repeat","background-position":"center center","background-size":"auto","background-attachment":"scroll","background-type":"","background-media":"","overlay-type":"","overlay-color":"","overlay-opacity":"","overlay-gradient":""},"mobile":{"background-color":"var(--ast-global-color-5)","background-image":"","background-repeat":"repeat","background-position":"center center","background-size":"auto","background-attachment":"scroll","background-type":"","background-media":"","overlay-type":"","overlay-color":"","overlay-opacity":"","overlay-gradient":""}},"footnotes":""},"class_list":["post-1578","page","type-page","status-publish","hentry"],"_links":{"self":[{"href":"https:\/\/nutasiasociatii.ro\/ro\/wp-json\/wp\/v2\/pages\/1578"}],"collection":[{"href":"https:\/\/nutasiasociatii.ro\/ro\/wp-json\/wp\/v2\/pages"}],"about":[{"href":"https:\/\/nutasiasociatii.ro\/ro\/wp-json\/wp\/v2\/types\/page"}],"author":[{"embeddable":true,"href":"https:\/\/nutasiasociatii.ro\/ro\/wp-json\/wp\/v2\/users\/1"}],"replies":[{"embeddable":true,"href":"https:\/\/nutasiasociatii.ro\/ro\/wp-json\/wp\/v2\/comments?post=1578"}],"version-history":[{"count":22,"href":"https:\/\/nutasiasociatii.ro\/ro\/wp-json\/wp\/v2\/pages\/1578\/revisions"}],"predecessor-version":[{"id":2360,"href":"https:\/\/nutasiasociatii.ro\/ro\/wp-json\/wp\/v2\/pages\/1578\/revisions\/2360"}],"wp:attachment":[{"href":"https:\/\/nutasiasociatii.ro\/ro\/wp-json\/wp\/v2\/media?parent=1578"}],"curies":[{"name":"wp","href":"https:\/\/api.w.org\/{rel}","templated":true}]}}