{"id":1706,"date":"2024-08-13T19:15:15","date_gmt":"2024-08-13T19:15:15","guid":{"rendered":"https:\/\/nutasiasociatii.ro\/?page_id=1706"},"modified":"2024-09-03T19:43:29","modified_gmt":"2024-09-03T19:43:29","slug":"termeni-si-conditii","status":"publish","type":"page","link":"https:\/\/nutasiasociatii.ro\/ro\/termeni-si-conditii\/","title":{"rendered":"Termeni \u0219i condi\u021bii"},"content":{"rendered":"\t\t<div data-elementor-type=\"wp-page\" data-elementor-id=\"1706\" class=\"elementor elementor-1706\" data-elementor-post-type=\"page\">\n\t\t\t\t<div class=\"elementor-element elementor-element-4fb544a e-flex e-con-boxed e-con e-parent\" data-id=\"4fb544a\" data-element_type=\"container\" data-e-type=\"container\">\n\t\t\t\t\t<div class=\"e-con-inner\">\n\t\t\t\t\t<\/div>\n\t\t\t\t<\/div>\n\t\t<div class=\"elementor-element elementor-element-a5225a6 e-flex e-con-boxed e-con e-parent\" data-id=\"a5225a6\" data-element_type=\"container\" data-e-type=\"container\">\n\t\t\t\t\t<div class=\"e-con-inner\">\n\t\t<div class=\"elementor-element elementor-element-ec849d2 e-con-full e-flex e-con e-child\" data-id=\"ec849d2\" data-element_type=\"container\" data-e-type=\"container\">\n\t\t\t\t<div class=\"elementor-element elementor-element-1d91ccb elementor-widget elementor-widget-heading\" data-id=\"1d91ccb\" data-element_type=\"widget\" data-e-type=\"widget\" data-widget_type=\"heading.default\">\n\t\t\t\t<div class=\"elementor-widget-container\">\n\t\t\t\t\t<h2 class=\"elementor-heading-title elementor-size-default\">Termeni \u0219i condi\u021bii<\/h2>\t\t\t\t<\/div>\n\t\t\t\t<\/div>\n\t\t\t\t<\/div>\n\t\t<div class=\"elementor-element elementor-element-d7aace7 e-con-full e-flex e-con e-child\" data-id=\"d7aace7\" data-element_type=\"container\" data-e-type=\"container\">\n\t\t<div class=\"elementor-element elementor-element-e0df405 e-con-full e-flex e-con e-child\" data-id=\"e0df405\" data-element_type=\"container\" data-e-type=\"container\">\n\t\t\t\t<div class=\"elementor-element elementor-element-6ecad20 elementor-widget elementor-widget-text-editor\" data-id=\"6ecad20\" data-element_type=\"widget\" data-e-type=\"widget\" data-widget_type=\"text-editor.default\">\n\t\t\t\t<div class=\"elementor-widget-container\">\n\t\t\t\t\t\t\t\t\t<ol>\n<li><strong>Cine suntem<\/strong><\/li>\n<\/ol>\n<p>Site-ul https:\/\/nutasiasociatii.ro\/ este de\u021binut \u0219i administrat de c\u0103tre Cabinet de Avocat Nu\u021b\u0103 Alexandru, persoan\u0103 juridic\u0103 rom\u00e2n\u0103 cu sediul \u00een Bucure\u0219ti Sectorul 6, Int. Sg. Constantin Apostol nr. 9, et. 1, ap. 5, Cod de \u00eenregistrare fiscal\u0103: 35331589, reprezentat\u0103 legal de avocat titular Nu\u021b\u0103 Alexandru (denumit\u0103 \u00een continuare \u201eSocietatea\u201d sau \u201eV\u00e2nz\u0103tor\u201d sau \u201ePrestator\u201d)<\/p>\n<ol start=\"2\">\n<li><strong>Scopul <\/strong><\/li>\n<\/ol>\n<p><strong>Prezentul document descrie termenii \u0219i condi\u021biile de utilizare a site-ului https:\/\/nutasiasociatii.ro\/, precum \u0219i de achizi\u021bie online a serviciilor oferite de c\u0103tre &nbsp;Cabinetul de Avocat Nu\u021b\u0103 Alexandru<\/strong><\/p>\n<p><strong>Prin simpla afi\u0219are a acestui document pe site-ul https:\/\/nutasiasociatii.ro\/ se prezum\u0103 c\u0103 to\u021bi clien\u021bii\/utilizatorii au luat la cuno\u0219tin\u021b\u0103 de toate regulile prezentate \u00een cuprinsul acestuia pe care l-au citit \u0219i \u00een\u021beles \u00een \u00eentregime \u0219i \u00ee\u0219i exprim\u0103 consim\u021b\u0103m\u00e2ntul cu privire la respectarea tuturor obliga\u021biilor prev\u0103zute \u00een document, anterior utiliz\u0103rii site-ului ori achizi\u021bion\u0103rii serviciilor online oferite de c\u0103tre V\u00e2nz\u0103tor.<\/strong><\/p>\n<ol start=\"3\">\n<li><strong>Defini\u021bii<\/strong><\/li>\n<\/ol>\n<p><strong>Site-ul \u2013 <\/strong>este reprezentat de domeniul <strong>https:\/\/nutasiasociatii.ro\/<\/strong> precum \u0219i orice sec\u021biune sau subsec\u021biune a acestuia.<\/p>\n<p><strong>Utilizator \u2013 <\/strong>Orice persoan\u0103 fizic\u0103 ce acceseaz\u0103 site-ul \u0219i care si-a dat acordul cu privire la clauzele specifice site-ului din prezenta sec\u021biune<\/p>\n<p><strong>Cump\u0103r\u0103tor\/Client \u2013 <\/strong>Orice Utilizator care plaseaz\u0103 o comand\u0103 pentru achizi\u021bionarea bunurilor sau serviciilor oferite de c\u0103tre V\u00e2nz\u0103tor<\/p>\n<p><strong>Comand\u0103 \u2013 <\/strong>Un document electronic prin care Cump\u0103r\u0103torul\/Clientul \u00ee\u0219i arat\u0103 inten\u021bia de a achizi\u021biona anumite bunuri sau servicii oferite de c\u0103tre V\u00e2nz\u0103tor<\/p>\n<p><strong>Bunuri \u0219i Servicii \u2013 <\/strong>Orice produs sau serviciu care sunt listate ca atare pe site, inclusiv cele men\u021bionate \u00een comand\u0103 \u0219i care urmeaz\u0103 a fi furnizate de c\u0103tre V\u00e2nz\u0103tor Cump\u0103r\u0103torului, ca urmare a contractului \u00eencheiat.<\/p>\n<p><strong>Contract \u2013 <\/strong>O comand\u0103 confirmat\u0103 de c\u0103tre V\u00e2nz\u0103tor materializat\u0103 sub forma unui contract juridic \u00eencheiat la distan\u021b\u0103 prin care V\u00e2nz\u0103torul este de acord s\u0103 v\u00e2nd\u0103 \u0219i s\u0103 livreze Produsele \u0219i Serviciile iar Cump\u0103r\u0103torul este de acord s\u0103 achizi\u021bioneze, s\u0103 primeasc\u0103 \u0219i s\u0103 fac\u0103 plata acestor Produse \u0219i Servicii. Fiind un contract \u00eencheiat la distan\u021b\u0103, prezen\u021ba fizic\u0103 simultan\u0103 a p\u0103r\u021bilor nu este necesar\u0103 acordul de voin\u021be realiz\u00e2ndu-se prin simpla confirmare a Comenzii de c\u0103tre V\u00e2nz\u0103tor.<\/p>\n<p><strong>Plat\u0103 \u2013 <\/strong>Opera\u021biunea prin care Cump\u0103r\u0103torul transmite V\u00e2nz\u0103torului pre\u021bul bunurilor \u0219i serviciilor achizi\u021bionate.<\/p>\n<p><strong>Specifica\u021bii \u2013 <\/strong>Descrierea bunurilor \u0219i serviciilor oferite spre v\u00e2nzare astfel cum acestea sunt precizate pe site. Cump\u0103r\u0103torul are dreptul de a solicita informa\u021bii suplimentare.<\/p>\n<ol start=\"4\">\n<li><strong>Reguli de utilizare a site-ului<\/strong><\/li>\n<\/ol>\n<p>Societatea are dreptul exclusiv de administrare a site-ului https:\/\/nutasiasociatii.ro\/ precum \u0219i dreptul de proprietate intelectual\u0103 asupra \u00eentregului con\u021binut al acestuia.<\/p>\n<p>Con\u021binutul Site-ului se refer\u0103 la fiecare element de text, imagine, audio-video, mod de aranjare \u00een pagina, elemente de coding care se reg\u0103sesc pe https:\/\/nutasiasociatii.ro\/. \u00cen ceea ce prive\u0219te con\u021binutul Site-ului, copierea, reproducerea \u0219i folosirea con\u021binutului \u00een interese proprii, f\u0103r\u0103 acordul expres, prealabil \u0219i scris al Societ\u0103\u021bii, sunt strict interzise \u0219i se pedepsesc conform legii.<\/p>\n<p>Societatea ofer\u0103 Utilizatorului acces limitat pe site-ul https:\/\/nutasiasociatii.ro\/, \u00een interes personal \u2013 informare sau efectuare de comenzi. Cu excep\u021bia produselor gratuite semnalizate ca atare pe site, Utilizatorul nu are dreptul de a desc\u0103rca sau de a modifica par\u021bial sau integral site-ul, de a reproduce par\u021bial sau integral site-ul, de a copia, de a vinde\/revinde sau de a exploata site-ul \u00een orice alta manier\u0103, f\u0103r\u0103 acordul prealabil scris al Societ\u0103\u021bii.<\/p>\n<p>Accesarea sau vizitarea Site-ului, a oric\u0103rei pagini din acesta constituie o acceptare \u00een \u00eentregime \u0219i necondi\u021bionat\u0103 a Termenilor \u0219i Condi\u021biilor, precum \u0219i a oric\u0103rei prevederi din acesta. Neacceptarea acestui Document, ori a oric\u0103rei prevederi din acesta atrage obliga\u021bia persoanei respective de a \u00eenceta de \u00eendat\u0103 accesarea Site-ului.<\/p>\n<p>Societatea \u00ee\u0219i rezerv\u0103 dreptul de a modifica sau actualiza \u00een orice moment con\u021binutul Site-ului, modul de func\u021bionare al acestuia, tipul de informa\u021bii afi\u0219ate pe Site, precum \u0219i Termenii \u0219i Condi\u021biile, f\u0103r\u0103 o notificare prealabil\u0103 a Utilizatorului \u0219i f\u0103r\u0103 a fi necesar un acord expres al Utilizatorului \u00een acest sens.<\/p>\n<p>Modific\u0103rile vor fi aduse la cuno\u0219tin\u021ba Utilizatorului prin simpla afi\u0219are pe Site \u0219i vor fi socotite ca fiind acceptate de c\u0103tre Utilizator dac\u0103 acesta continu\u0103 s\u0103 foloseasc\u0103 acceseze site-ul dup\u0103 afi\u0219area lor \u00een sec\u021biunea Termeni \u0219i Condi\u021bii.<\/p>\n<p>Este de datoria Utilizatorului s\u0103 viziteze periodic prezentul Document pentru a verifica Termenii \u0219i Condi\u021biile pe care este obligat s\u0103 le respecte.<\/p>\n<p>Utilizatorul este obligat s\u0103 nu desf\u0103\u0219oare niciuna din urm\u0103toarele ac\u021biuni:<\/p>\n<ol>\n<li>a) nu va modifica, distribui, copia, transmite, afi\u0219a, publica, reproduce, acorda licen\u021be, crea produse derivate, transfera sau vinde orice fel de informa\u021bie sau servicii ob\u021binute de pe sau prin intermediul acestui Site, dec\u00e2t \u00een conformitate cu Termenii \u0219i Condi\u021biile, precum \u0219i cu legisla\u021bia aplicabil\u0103.<\/li>\n<li>b) nu va desf\u0103\u0219ura \u0219i nu va permite activitatea de cracking, hacking sau a atacurilor din categoria &#8222;refuzul serviciului&#8221; (i.e. interferen\u021b\u0103 cu serviciul, referitor la oricare utilizator, re\u021bea sau server). Utilizatorii care violeaz\u0103 securitatea sistemelor sau re\u021belelor pot fi ac\u021biona\u021bi \u00een instan\u021b\u0103, conform dispozi\u021biilor civile \u0219i penale aplicabile.<\/li>\n<\/ol>\n<p>\u00cen nicio circumstan\u021b\u0103 Societatea, nu se face responsabil\u0103 pentru pierderi de natur\u0103 direct\u0103 sau indirect\u0103 rezultate din sau legate exclusiv, \u00een orice fel, de folosirea sau gradul de performan\u021b\u0103 al acestui Site web sau site-uri web \u00een leg\u0103tur\u0103 cu acesta.<\/p>\n<p><\/p>\n<ol start=\"5\">\n<li><strong>Politica de v\u00e2nzare online<\/strong><\/li>\n<\/ol>\n<p>Orice Client\/ Cump\u0103r\u0103tor cu v\u00e2rsta minim\u0103 de 18 ani \u00eemplini\u021bi poate plasa o comand\u0103 online pe site f\u0103r\u0103 a fi necesar\u0103 crearea unui cont. Clientul\/Cump\u0103r\u0103torul poate efectua o comand\u0103 prin ad\u0103ugarea Bunurilor \u0219i Serviciilor dorite \u00een co\u0219ul de cump\u0103r\u0103turi. Comanda se finalizeaz\u0103 numai dup\u0103 efectuarea pl\u0103\u021bii print-una din modalit\u0103\u021bile de plat\u0103 acceptate de c\u0103tre V\u00e2nz\u0103tor. Prin finalizarea Comenzii, Cump\u0103r\u0103torul consimte c\u0103 toate datele furnizate de acesta, necesare procesului de cump\u0103rare, sunt corecte, complete \u0219i adev\u0103rate la data plas\u0103rii Comenzii.<\/p>\n<p>Prin plasarea unei comenzi \u0219i implicit efectuarea pl\u0103\u021bii nu se nasc automat drepturi \u0219i obliga\u021bii \u00een sarcina V\u00e2nz\u0103torului. O comand\u0103 neconfirmat\u0103 nu poate avea valoarea unui contract. Pentru a se \u00eencheia \u00een mod valabil Contractul este nevoie ca V\u00e2nz\u0103torul s\u0103 confirma comanda plasat\u0103. Acceptare comenzii de c\u0103tre V\u00e2nz\u0103tor se face prin transmiterea unui e-mail din partea V\u00e2nz\u0103torului c\u0103tre Cump\u0103r\u0103tor.<\/p>\n<p>V\u00e2nz\u0103torul poate anula Comanda efectuat\u0103 de c\u0103tre Cump\u0103r\u0103tor, \u00een urma unei notific\u0103ri prealabile adresate Cump\u0103r\u0103torului, f\u0103r\u0103 nicio obliga\u021bie ulterioara a vreunei p\u0103r\u021bi fa\u021b\u0103 de cealalt\u0103 sau f\u0103r\u0103 ca vreo parte s\u0103 poat\u0103 s\u0103 pretind\u0103 celeilalte daune-interese \u00een urm\u0103toarele cazuri:<\/p>\n<p>&#8211; neacceptarea de c\u0103tre banca emitent\u0103 a cardului Cump\u0103r\u0103torului, a tranzac\u021biei, \u00een cazul pl\u0103tii online;<\/p>\n<p>&#8211; invalidarea tranzac\u021biei de c\u0103tre procesatorul de carduri agreat de V\u00e2nz\u0103tor, \u00een cazul pl\u0103tii online;<\/p>\n<p>&#8211; datele furnizate de c\u0103tre Cump\u0103r\u0103tor, pe Site sunt incomplete \u0219i\/sau incorecte;<\/p>\n<p>&#8211; livr\u0103ri consecutiv e\u0219uate.<\/p>\n<p>\u00cen anumite situa\u021bii \u0219i pentru motive justificate, V\u00e2nz\u0103torul \u00ee\u0219i rezerva dreptul de a modifica cantitatea Bunurilor \u0219i \/ sau Serviciilor din Comanda. Dac\u0103 se modific\u0103 cantitatea de Bunuri \u0219i\/sau Servicii din Comand\u0103, V\u00e2nz\u0103torul va anun\u021ba Cump\u0103r\u0103torul la adresa de e-mail sau la num\u0103rul de telefon puse la dispozi\u021bia V\u00e2nz\u0103torului la efectuarea Comenzii \u0219i va returna suma achitat\u0103, corespunz\u0103tor comenzii neefectuate, \u00een termen de maxim 14 (paisprezece) zile.<\/p>\n<p>\u00cen cazul \u00een care un Bun \u0219i \/ sau Serviciu comandat de c\u0103tre Cump\u0103r\u0103tor nu poate fi livrat de c\u0103tre V\u00e2nz\u0103tor, acesta din urma va informa Clientul \/ Cump\u0103r\u0103torul asupra acestui fapt \u0219i va returna \u00een contul Cump\u0103r\u0103torului contravaloarea Bunului \u0219i \/ sau Serviciului, \u00een termen de maxim 14 (paisprezece) zile de la data la care V\u00e2nz\u0103torul a luat la cuno\u0219tin\u021b\u0103 acest fapt.<\/p>\n<p>Clientul poate renun\u021ba la Comanda \u00eenainte de a primi din partea V\u00e2nz\u0103torului confirmarea acesteia, prin notificarea V\u00e2nz\u0103torului prin email sau telefonic (apelul telefonic trebuie confirmat obligatoriu prin email).<\/p>\n<ol start=\"6\">\n<li><strong>Pre\u021bul \u0219i modalitatea de plat\u0103<\/strong><\/li>\n<\/ol>\n<p>Pre\u021bul \u0219i modalitatea de plata sunt specificate \u00een Comand\u0103. V\u00e2nz\u0103torul va emite c\u0103tre Cump\u0103r\u0103tor o factur\u0103 pentru Bunurile \u0219i Serviciile livrate, obliga\u021bia Cump\u0103r\u0103torului fiind s\u0103 furnizeze toate informa\u021biile necesare emiterii facturii conform cu legisla\u021bia \u00een vigoare.<\/p>\n<p>Pe l\u00e2ng\u0103 plata numerar ramburs la livrarea bunurilor \u0219i serviciilor, cealalt\u0103 modalitate de plat\u0103 acceptat\u0103 de c\u0103tre V\u00e2nz\u0103tor este plata online prin intermediul unei platforme ter\u021be de servicii de procesare a pl\u0103\u021bii. Datele cardului de plat\u0103 ale Clientului\/ Utilizatorului\/ Cump\u0103r\u0103torului nu vor fi accesibile V\u00e2nz\u0103torului \u0219i nici nu vor fi stocate de c\u0103tre de Societate.<\/p>\n<ol start=\"7\">\n<li><strong>Livrarea<\/strong><\/li>\n<\/ol>\n<p>Produsele sunt livrate online la adresa de email indicat\u0103 de Client \u00een Comanda. Data estimat\u0103 de livrare poate varia \u00een func\u021bie de produs \u0219i va fi confirmat\u0103 pe e-mail de V\u00e2nz\u0103tor, \u00een cel mai scurt timp dup\u0103 plasarea Comenzii. Termenul maxim de livrare este de 30 de zile de la data confirm\u0103rii Comenzii.<\/p>\n<p>\u00cen cazul \u00een care nu pot fi respectate termenele de livrare, V\u00e2nz\u0103torul este obligat s\u0103 anun\u021be Cump\u0103r\u0103torul cu privire la termenul estimat de finalizare a livr\u0103rii.<\/p>\n<p>\u00cen cazul serviciilor achizi\u021bionate Cump\u0103r\u0103torul declar\u0103 c\u0103 a luat la cuno\u0219tin\u021b\u0103 \u00een mod expres de faptul c\u0103 livrarea acestora necesit\u0103 o programare prealabil\u0103 telefonic\u0103. Astfel, ulterior confirm\u0103rii comenzii, V\u00e2nz\u0103torul se oblig\u0103 s\u0103 \u00eel contacteze \u00een scurt timp pe Cump\u0103r\u0103tor pentru a stabili de comun acord, data \u0219i ora livr\u0103rii serviciului. Livrarea serviciilor se va face \u00een unul din intervalele disponibile ale Prestatorului comunicate Cump\u0103r\u0103torului. Programul de livrare al serviciilor este \u00een zilele de luni \u2013 vineri \u00een intervalul orar 09:30 \u2013 18:00.<\/p>\n<ol start=\"8\">\n<li><strong>Dreptul de retragere<\/strong><\/li>\n<\/ol>\n<p>Cump\u0103r\u0103torul are dreptul s\u0103 se retrag\u0103 din Contract, respectiv s\u0103 returneze un Bun sau s\u0103 renun\u021be la un Serviciu, \u00een termen de 14 zile calendaristice , f\u0103r\u0103 invocarea niciunui motiv \u0219i f\u0103r\u0103 a suporta alte costuri dec\u00e2t cele de livrare. Termenul de retragere \u00eencepe sa curg\u0103, conform OUG nr. 34\/2014 de la data \u00eencheierii contractului \u00een cazul serviciilor ori de la data la care Cump\u0103r\u0103torul intr\u0103 \u00een posesia bunurilor.<\/p>\n<p>\u00cen cazul \u00een care Clientul va alege s\u0103 \u00ee\u0219i exercite dreptul s\u0103u legal de retragere acesta va anun\u021ba \u00een scris V\u00e2nz\u0103torul prin formularul de contact pus la dispozi\u021bie pe site. \u00cen cazul \u00een care Clientul exercit\u0103 corespunz\u0103tor dreptul s\u0103u de retragere, V\u00e2nz\u0103torul va rambursa suma \u00een maxim 14 (paisprezece) zile de la data inform\u0103rii V\u00e2nz\u0103torului de c\u0103tre Cump\u0103r\u0103tor asupra deciziei sale de retragere din Contract. Suma va fi returnat\u0103 folosind acelea\u0219i modalit\u0103\u021bi de plat\u0103 ca \u0219i cele folosite de Cump\u0103r\u0103tor pentru tranzac\u021bia ini\u021bial\u0103. V\u00e2nz\u0103torul poate oferi Clientului posibilitatea ramburs\u0103rii sumei achitate de Client pentru Comand\u0103 prin eliberarea unui voucher, caz \u00een care Clientul trebuie s\u0103 precizeze expres ca dore\u0219te ca suma s\u0103 \u00eei fie rambursat\u0103 astfel.<\/p>\n<p>Conform reglement\u0103rilor legale \u00een vigoare, nu pot face obiectul retragerii serviciile deja prestate, ori bunurile in format digital ce nu au fost livrate pe un suport material.<\/p>\n<p>Prezentele condi\u021bii de exercitare a dreptului de retragere \u0219i retur se completeaz\u0103 cu dispozi\u021biile OUG 34\/2014 privind drepturile consumatorilor \u00een cadrul contractelor \u00eencheiate cu profesioni\u0219tii, precum \u0219i pentru modificarea \u0219i completarea unor acte normative.<\/p>\n<p><\/p>\n<p><\/p>\n<ol start=\"9\">\n<li><strong>R\u0103spundere<\/strong><\/li>\n<\/ol>\n<p>V\u00e2nz\u0103torul nu r\u0103spunde pentru niciun fel de prejudicii cauzate Cump\u0103r\u0103torului sau oric\u0103rui ter\u021b ca urmare a \u00eendeplinirii de c\u0103tre V\u00e2nz\u0103tor a oric\u0103reia din obliga\u021biile sale conform Comenzii \u0219i nici pentru daune care rezult\u0103 din utilizarea necorespunz\u0103toare a Produselor \u0219i Serviciilor v\u00e2ndute pe Site.<\/p>\n<p>De asemenea, Societatea nu poate fi r\u0103spunz\u0103toare \u00een niciun fel pentru pierderi de natur\u0103 direct\u0103 sau indirect\u0103 rezultate din sau legate exclusiv, \u00een orice fel, de folosirea sau gradul de performan\u021b\u0103 al acestui Site web sau site-uri web \u00een leg\u0103tur\u0103 cu acesta.<\/p>\n<ol start=\"10\">\n<li><strong>Date cu caracter personal<\/strong><\/li>\n<\/ol>\n<p>Prelucrarea datelor cu caracter personal, precum \u0219i securitatea acestora fac obiectul unei sec\u021biuni separate denumita Politic\u0103 de confiden\u021bialitate, pe care utilizatorii o pot consulta pe site-ul nostru \u0219i la care sunt obliga\u021bi s\u0103 adere.<\/p>\n<ol start=\"11\">\n<li><strong>Informa\u021bii confiden\u021biale<\/strong><\/li>\n<\/ol>\n<p>At\u00e2t Societatea c\u00e2t \u0219i Utilizatorul se oblig\u0103 \u0219i garanteaz\u0103 s\u0103 p\u0103streze confiden\u021bialitatea Informa\u021biilor Confiden\u021biale, s\u0103 previn\u0103 divulgarea acestora ter\u021bilor \u0219i s\u0103 nu le foloseasc\u0103 \u00een alte scopuri dec\u00e2t cele avute \u00een vedere prin prezentele Termeni \u0219i condi\u021bii, cu excep\u021bia celor autorizate \u00een prealabil \u00een scris de cealalt\u0103 parte.<\/p>\n<ol start=\"12\">\n<li><strong>Procedur\u0103 solu\u021bionare reclama\u021bii<\/strong><\/li>\n<\/ol>\n<p>Orice pl\u00e2ngere sau nemul\u021bumire cu privire la func\u021bionarea Site-ului, efectuarea unei comenzi, aspecte legate de comanda efectuat\u0103 \u0219i alte asemenea trebuie transmis\u0103, \u00een scris la adresa de e-mail office@nutasiasociatii.ro. Pl\u00e2ngerea astfel formulat\u0103 va fi \u00eenregistrat\u0103 de c\u0103tre Societate \u00een cel mult 48 de ore de la comunicarea acesteia \u0219i apoi solu\u021bionat\u0103 \u00een termen de 30 de zile de la data \u00eenregistr\u0103rii.<\/p>\n<ol start=\"13\">\n<li><strong>Modific\u0103ri ale Termenilor \u0219i Condi\u021biilor<\/strong><\/li>\n<\/ol>\n<p>Societatea \u00ee\u0219i rezerv\u0103 dreptul de a modifica termenii \u0219i condi\u021biile de mai sus \u00een cadrul legal existent \u0219i \/ sau care va fi \u00een vigoare. Nicio modificare a prezentelor Termeni \u0219i condi\u021bii nu va fi luat\u0103 \u00een considerare \u0219i nu va face parte din acestea, dec\u00e2t dac\u0103 a fost redactat\u0103 \u00een scris \u0219i a fost inclus\u0103 \u00een prezentul document. Notificarea Utilizatorilor cu privire la modificarea prezentului document se consider\u0103 efectuat\u0103 prin simpla afi\u0219are a noului con\u021binut pe site-ul https:\/\/nutasiasociatii.ro\/. Pentru o corect\u0103 informare, Societatea va putea \u00eentreprinde demersuri suplimentare de anun\u021bare a publicului larg cu privire la modificarea Termenilor \u0219i Condi\u021biilor.<\/p>\n<p>Dac\u0103 utilizatorul continu\u0103 s\u0103 foloseasc\u0103 site-ul, se consider\u0103 ca este de acord cu modific\u0103rile efectuate. \u00cen caz contrar, acesta trebuie s\u0103 \u00eenceteze de \u00eendat\u0103 utilizarea site-ului.<\/p>\n<ol start=\"14\">\n<li><strong>For\u021ba major\u0103<\/strong><\/li>\n<\/ol>\n<p>Niciuna din p\u0103r\u021bi nu va fi r\u0103spunz\u0103toare pentru neexecutarea obliga\u021biilor sale contractuale, dac\u0103 o astfel de neexecutare la termen \u0219i \/ sau \u00een mod corespunz\u0103tor, total\u0103 sau par\u021bial\u0103 este datorat\u0103 unui eveniment de for\u021b\u0103 major\u0103 astfel cum este definit de Codul Civil Rom\u00e2n.<\/p>\n<p>Dac\u0103 \u00een termen de 15 (cincisprezece) zile de la data producerii evenimentului de for\u021b\u0103 major\u0103, respectivul eveniment nu \u00eenceteaz\u0103, oricare dintre p\u0103r\u021bi va avea dreptul s\u0103 notifice celeilalte p\u0103r\u021bi \u00eencetarea de plin drept a Contractului f\u0103r\u0103 ca vreuna dintre ele s\u0103 poat\u0103 pretinde celeilalte daune-interese.<\/p>\n<ol start=\"15\">\n<li><strong>Litigii \u0219i legea aplicabil\u0103<\/strong><\/li>\n<\/ol>\n<p>Prezentele Termene \u0219i Condi\u021bii sunt guvernate de prevederile legisla\u021biei rom\u00e2ne. P\u0103r\u021bile vor \u00eencerca solu\u021bionarea oric\u0103rei ne\u00een\u021belegeri pe cale amiabil\u0103, iar \u00een situa\u021bia \u00een care acest lucru nu este posibil, competen\u021ba teritorial\u0103 de solu\u021bionare a litigiilor va apar\u021bine instan\u021belor judec\u0103tore\u0219ti din Bucure\u0219ti.<\/p>\t\t\t\t\t\t\t\t<\/div>\n\t\t\t\t<\/div>\n\t\t\t\t<\/div>\n\t\t\t\t<\/div>\n\t\t\t\t\t<\/div>\n\t\t\t\t<\/div>\n\t\t\t\t<\/div>\n\t\t","protected":false},"excerpt":{"rendered":"<p>Termeni \u0219i condi\u021bii Cine suntem Site-ul https:\/\/nutasiasociatii.ro\/ este de\u021binut \u0219i administrat de c\u0103tre Cabinet de Avocat Nu\u021b\u0103 Alexandru, persoan\u0103 juridic\u0103 [&hellip;]<\/p>\n","protected":false},"author":1,"featured_media":0,"parent":0,"menu_order":0,"comment_status":"closed","ping_status":"closed","template":"","meta":{"site-sidebar-layout":"no-sidebar","site-content-layout":"page-builder","ast-site-content-layout":"full-width-container","site-content-style":"default","site-sidebar-style":"default","ast-global-header-display":"","ast-banner-title-visibility":"","ast-main-header-display":"","ast-hfb-above-header-display":"","ast-hfb-below-header-display":"","ast-hfb-mobile-header-display":"","site-post-title":"disabled","ast-breadcrumbs-content":"","ast-featured-img":"disabled","footer-sml-layout":"","theme-transparent-header-meta":"","adv-header-id-meta":"","stick-header-meta":"","header-above-stick-meta":"","header-main-stick-meta":"","header-below-stick-meta":"","astra-migrate-meta-layouts":"set","ast-page-background-enabled":"default","ast-page-background-meta":{"desktop":{"background-color":"","background-image":"","background-repeat":"repeat","background-position":"center center","background-size":"auto","background-attachment":"scroll","background-type":"","background-media":"","overlay-type":"","overlay-color":"","overlay-opacity":"","overlay-gradient":""},"tablet":{"background-color":"","background-image":"","background-repeat":"repeat","background-position":"center center","background-size":"auto","background-attachment":"scroll","background-type":"","background-media":"","overlay-type":"","overlay-color":"","overlay-opacity":"","overlay-gradient":""},"mobile":{"background-color":"","background-image":"","background-repeat":"repeat","background-position":"center center","background-size":"auto","background-attachment":"scroll","background-type":"","background-media":"","overlay-type":"","overlay-color":"","overlay-opacity":"","overlay-gradient":""}},"ast-content-background-meta":{"desktop":{"background-color":"var(--ast-global-color-5)","background-image":"","background-repeat":"repeat","background-position":"center center","background-size":"auto","background-attachment":"scroll","background-type":"","background-media":"","overlay-type":"","overlay-color":"","overlay-opacity":"","overlay-gradient":""},"tablet":{"background-color":"var(--ast-global-color-5)","background-image":"","background-repeat":"repeat","background-position":"center center","background-size":"auto","background-attachment":"scroll","background-type":"","background-media":"","overlay-type":"","overlay-color":"","overlay-opacity":"","overlay-gradient":""},"mobile":{"background-color":"var(--ast-global-color-5)","background-image":"","background-repeat":"repeat","background-position":"center center","background-size":"auto","background-attachment":"scroll","background-type":"","background-media":"","overlay-type":"","overlay-color":"","overlay-opacity":"","overlay-gradient":""}},"footnotes":""},"class_list":["post-1706","page","type-page","status-publish","hentry"],"_links":{"self":[{"href":"https:\/\/nutasiasociatii.ro\/ro\/wp-json\/wp\/v2\/pages\/1706"}],"collection":[{"href":"https:\/\/nutasiasociatii.ro\/ro\/wp-json\/wp\/v2\/pages"}],"about":[{"href":"https:\/\/nutasiasociatii.ro\/ro\/wp-json\/wp\/v2\/types\/page"}],"author":[{"embeddable":true,"href":"https:\/\/nutasiasociatii.ro\/ro\/wp-json\/wp\/v2\/users\/1"}],"replies":[{"embeddable":true,"href":"https:\/\/nutasiasociatii.ro\/ro\/wp-json\/wp\/v2\/comments?post=1706"}],"version-history":[{"count":7,"href":"https:\/\/nutasiasociatii.ro\/ro\/wp-json\/wp\/v2\/pages\/1706\/revisions"}],"predecessor-version":[{"id":1721,"href":"https:\/\/nutasiasociatii.ro\/ro\/wp-json\/wp\/v2\/pages\/1706\/revisions\/1721"}],"wp:attachment":[{"href":"https:\/\/nutasiasociatii.ro\/ro\/wp-json\/wp\/v2\/media?parent=1706"}],"curies":[{"name":"wp","href":"https:\/\/api.w.org\/{rel}","templated":true}]}}