{"id":1708,"date":"2024-08-13T19:15:35","date_gmt":"2024-08-13T19:15:35","guid":{"rendered":"https:\/\/nutasiasociatii.ro\/?page_id=1708"},"modified":"2025-10-05T13:18:57","modified_gmt":"2025-10-05T13:18:57","slug":"politica-de-confidentialitate","status":"publish","type":"page","link":"https:\/\/nutasiasociatii.ro\/ro\/politica-de-confidentialitate\/","title":{"rendered":"Politica de confiden\u021bialitate"},"content":{"rendered":"\t\t<div data-elementor-type=\"wp-page\" data-elementor-id=\"1708\" class=\"elementor elementor-1708\" data-elementor-post-type=\"page\">\n\t\t\t\t<div class=\"elementor-element elementor-element-ee62296 e-flex e-con-boxed e-con e-parent\" data-id=\"ee62296\" data-element_type=\"container\" data-e-type=\"container\">\n\t\t\t\t\t<div class=\"e-con-inner\">\n\t\t\t\t\t<\/div>\n\t\t\t\t<\/div>\n\t\t<div class=\"elementor-element elementor-element-7da4723 e-flex e-con-boxed e-con e-parent\" data-id=\"7da4723\" data-element_type=\"container\" data-e-type=\"container\">\n\t\t\t\t\t<div class=\"e-con-inner\">\n\t\t<div class=\"elementor-element elementor-element-1da43e5 e-con-full e-flex e-con e-child\" data-id=\"1da43e5\" data-element_type=\"container\" data-e-type=\"container\">\n\t\t\t\t<div class=\"elementor-element elementor-element-c4caff1 elementor-widget elementor-widget-heading\" data-id=\"c4caff1\" data-element_type=\"widget\" data-e-type=\"widget\" data-widget_type=\"heading.default\">\n\t\t\t\t<div class=\"elementor-widget-container\">\n\t\t\t\t\t<h2 class=\"elementor-heading-title elementor-size-default\">Politica de confiden\u021bialitate<\/h2>\t\t\t\t<\/div>\n\t\t\t\t<\/div>\n\t\t\t\t<\/div>\n\t\t<div class=\"elementor-element elementor-element-442adf2 e-con-full e-flex e-con e-child\" data-id=\"442adf2\" data-element_type=\"container\" data-e-type=\"container\">\n\t\t\t\t<div class=\"elementor-element elementor-element-840c891 elementor-widget elementor-widget-text-editor\" data-id=\"840c891\" data-element_type=\"widget\" data-e-type=\"widget\" data-widget_type=\"text-editor.default\">\n\t\t\t\t<div class=\"elementor-widget-container\">\n\t\t\t\t\t\t\t\t\t<p><strong>Prezentul document descrie politica sumat\u0103 de c\u0103tre Cabinetul de Avocat Nu\u021b\u0103 Alexandru \u00een ce prive\u0219te colectarea \u0219i prelucrarea datelor cu caracter personal furnizate de utilizatorii site-ului https:\/\/nutasiasociatii.ro\/<\/strong><strong>. <\/strong><\/p><p><strong>\u00a0\u00a0\u00a0\u00a0\u00a0\u00a0\u00a0\u00a0\u00a0\u00a0\u00a0 <\/strong>Pentru a putea s\u0103 v\u0103 oferim produsele \u0219i serviciile noastre este nevoie s\u0103 prelucr\u0103m unele date cu caracter personal la momentul plas\u0103rii comenzii. Colectarea \u0219i prelucrarea datelor cu caracter personal se face numai \u00een conformitate cu legisla\u021bia \u00een domeniu \u00een vigoare, operatorul lu\u00e2nd toate m\u0103surile legale pentru a p\u0103stra confiden\u021bialitatea acestora. Scopul colect\u0103rii \u0219i prelucr\u0103rii datelor cu caracter personal, precum \u0219i drepturile \u0219i obliga\u021biile fiec\u0103rei p\u0103r\u021bi (societatea \u00een calitate de operator de date \u0219i utilizatorul site-ului \u00een calitate de persoan\u0103 vizat\u0103) sunt prezentate \u00een cele ce urmeaz\u0103.<\/p><p><strong>Prin plasarea unei comenzi se prezum\u0103 c\u0103 to\u021bi clien\u021bii\/cump\u0103r\u0103torii au luat la cuno\u0219tin\u021b\u0103 de toate clauzele din cuprinsul prezentului document pe care l-au citit \u0219i \u00een\u021beles \u00een \u00eentregime \u0219i \u00ee\u0219i exprim\u0103 consim\u021b\u0103m\u00e2ntul cu privire la prelucrarea datelor cu caracter personal de c\u0103tre societate \u00een scopul legal indicat \u0219i \u00een concordan\u021b\u0103 cu dispozi\u021biile legale \u00een vigoare.<\/strong><\/p><p><strong><em>Denumirea, datele de identificare \u0219i de contact ale operatorului de date cu caracter personal<\/em><\/strong><\/p><p>Cabinet de Avocat Nu\u021b\u0103 Alexandru (<strong>Societatea sau Operatorul<\/strong>) \u2013 persoan\u0103 juridic\u0103 rom\u00e2n\u0103 cu sediul \u00een Bucure\u0219ti Sectorul 6, Int. Sg. Constantin Apostol nr. 9, et. 1, ap. 5, Cod de \u00eenregistrare fiscal\u0103: 35331589, reprezentat\u0103 legal de avocat titular Nu\u021b\u0103 Alexandru.<\/p><p><strong><em>Ce sunt datele cu caracter personal?<\/em><\/strong><\/p><p><strong><em>&#8222;Date cu caracter personal&#8221;<\/em><\/strong> \u00eenseamn\u0103 orice informa\u021bii privind o persoan\u0103 fizic\u0103 identificat\u0103 sau identificabil\u0103 (&#8222;persoana vizat\u0103&#8221;); o persoan\u0103 fizic\u0103 identificabil\u0103 este o persoan\u0103 care poate fi identificat\u0103, direct sau indirect, \u00een special prin referire la un element de identificare, cum ar fi un nume, un num\u0103r de identificare, date de localizare, un identificator online, sau la unul sau mai multe elemente specifice, proprii identit\u0103\u021bii sale fizice, fiziologice, genetice, psihice, economice, culturale sau sociale;<\/p><p><strong><em>Ce \u00eenseamn\u0103 prelucrarea datelor cu caracter personal?<\/em><\/strong><\/p><p>\u201e<strong>Prelucrare<\/strong>\u201d \u00eenseamn\u0103 orice opera\u021biune sau set de opera\u021biuni efectuate asupra datelor cu caracter personal sau asupra seturilor de date cu caracter personal, cu sau f\u0103r\u0103 utilizarea de mijloace automatizate, cum ar fi colectarea, \u00eenregistrarea, organizarea, structurarea, stocarea, adaptarea sau modificarea, extragerea, consultarea, utilizarea, divulgarea prin transmitere, diseminarea sau punerea la dispozi\u021bie \u00een orice alt mod, alinierea sau combinarea, restric\u021bionarea, \u0219tergerea sau distrugerea<\/p><p><strong><em>Ce date cu caracter personal prelucreaz\u0103 operatorul?<\/em><\/strong><\/p><p>La momentul plas\u0103rii unei comenzi operatorul Cabinet de Avocat Nu\u021b\u0103 Alexandru prelucreaz\u0103 urm\u0103toarele date cu caracter personal:<\/p><ul><li>Nume \u0219i prenume<\/li><li>Adres\u0103 de livrare<\/li><li>Num\u0103r de telefon<\/li><li>Adres\u0103 de email<\/li><li>Datele cardului bancar<\/li><\/ul><p>\u00cen plus, pe l\u00e2ng\u0103 aceste date, operatorul mai poate solicita clien\u021bilor, \u00een func\u021bie de scopul legitim pe care \u00eel urm\u0103re\u0219te urm\u0103toarele date cu caracter personal: adres\u0103 de facturare, cod numeric personal, serie \u0219i num\u0103r act de identitate.<\/p><p><strong><em>Respectarea principiilor legale de prelucrare a datelor cu caracter personal<\/em><\/strong><\/p><p>Societatea \u00ee\u0219i asum\u0103 faptul c\u0103 toate colect\u0103rile \u0219i prelucr\u0103rile de date cu caracter personal respect\u0103 urm\u0103toarele principii:<\/p><ul><li>Datele sunt prelucrate \u00een mod legal, echitabil \u0219i transparent fa\u021b\u0103 de persoana vizat\u0103;<\/li><li>Datele sunt colectate \u00een scopuri determinate, explicite \u0219i legitime \u0219i nu sunt prelucrate ulterior \u00eentr-un mod incompatibil cu aceste scopuri;<\/li><li>Datele sunt adecvate, relevante \u0219i limitate la ceea ce este necesar \u00een raport cu scopurile \u00een care sunt prelucrate;<\/li><li>Datele sunt exacte \u0219i, \u00een cazul \u00een care este necesar, s\u0103 fie actualizate; trebuie s\u0103 se ia toate m\u0103surile necesare pentru a se asigura c\u0103 datele cu caracter personal care sunt inexacte, av\u00e2nd \u00een vedere scopurile pentru care sunt prelucrate, sunt \u0219terse sau rectificate f\u0103r\u0103 \u00eent\u00e2rziere;<\/li><li>Datele sunt p\u0103strate \u00eentr-o form\u0103 care permite identificarea persoanelor vizate pe o perioad\u0103 care nu dep\u0103\u0219e\u0219te perioada necesar\u0103 \u00eendeplinirii scopurilor \u00een care sunt prelucrate datele;<\/li><li>Datele sunt prelucrate \u00eentr-un mod care asigur\u0103 securitatea adecvat\u0103 a datelor cu caracter personal, inclusiv protec\u021bia \u00eempotriva prelucr\u0103rii neautorizate sau ilegale \u0219i \u00eempotriva pierderii, a distrugerii sau a deterior\u0103rii accidentale, prin luarea de m\u0103suri tehnice sau organizatorice corespunz\u0103toare<\/li><\/ul><p><strong><em>Scopul prelucr\u0103rii datelor cu caracter personal<\/em><\/strong><\/p><p>Societatea prelucreaz\u0103 datele cu caracter personal numai \u00een scopurile legitime necesare \u00een vederea desf\u0103\u0219ur\u0103rii raporturilor juridice dintre aceasta \u0219i juc\u0103tori, cum ar fi:<\/p><ul><li>Prelucrarea comenzilor, inclusiv preluarea, validarea, expedierea \u0219i livrarea acestora<\/li><li>orice comunicare \u00een rela\u021bia cu clien\u021bii necesar\u0103 livr\u0103rii serviciilor achizi\u021bionate, cum ar fi stabilirea unei program\u0103ri \u00een vederea prest\u0103rii serviciilor<\/li><li>informarea clien\u021bilor \u00een leg\u0103tur\u0103 cu orice incidente ap\u0103rute \u00een leg\u0103tur\u0103 cu bunurile \u0219i serviciile achizi\u021bionate<\/li><li>Returnarea \u0219i rambursarea contravalorii serviciilor conform prevederilor legale<\/li><li>transmiterea formularului de feedback<\/li><li>Transmiterea prin SMS de notific\u0103ri<\/li><li>Efectuarea de apeluri de prezentare a ofertelor, serviciilor \u0219i produselor companiei<\/li><li>Facturarea \u0219i \u00eencasarea serviciilor oferite<\/li><\/ul><p>Scopurile enumerate mai sus se circumscriu dispozi\u021biilor legale din Regulamentul GDPR, astfel cum acestea sunt prev\u0103zute la art. 6 lit. b) &#8211; scopul \u00eencheierii \u0219i execut\u0103rii contractelor, lit. c) &#8211; scopul \u00eendeplinirii unor obliga\u021bii legale, lit. a) &#8211; scop de marketing.<\/p><p><strong><em>Durata stoc\u0103rii datelor cu caracter personal<\/em><\/strong><\/p><p>Datele cu caracter personal sun stocate doar pe perioada necesar\u0103 \u00eendeplinirii scopurilor legitime indicate anterior, pentru a satisface nevoile dumneavoastr\u0103 sau pentru a ne \u00eendeplini obliga\u021biile impuse de lege, dar nu mai mult de 6 ani ori p\u00e2n\u0103 la exercitarea dreptului de \u0219tergere.<\/p><p><strong><em>Drepturile dumneavoastr\u0103 \u00een calitate de persoan\u0103 vizat\u0103<\/em><\/strong><\/p><p>Societatea se oblig\u0103 s\u0103 respecte toate drepturile persoanelor vizate \u00een leg\u0103tur\u0103 cu prelucrarea datelor cu caracter personal prev\u0103zute \u00een Regulamentul nr. 679\/2016 privind protec\u021bia persoanelor fizice \u00een ceea ce prive\u0219te prelucrarea datelor cu caracter personal (Regulamentul GDPR). Drepturile persoanei vizate sunt urm\u0103toarele:<\/p><ul><li>Dreptul la transparen\u021b\u0103 (dreptul la informare)<\/li><li>Dreptul de acces la datele cu caracter personal<\/li><li>Dreptul de rectificare (actualizare) a datelor cu caracter personal<\/li><li>Dreptul la \u0219tergerea datelor cu caracter personal<\/li><li>Dreptul la restric\u021bionarea prelucr\u0103rii<\/li><li>Dreptul la opozi\u021bie<\/li><li>Dreptul la portabilitate<\/li><li>Drepturi \u00een leg\u0103tur\u0103 cu procesul decizional individual automatizat, inclusiv crearea de profiluri<\/li><\/ul><p><strong><em>Transferul datelor c\u0103tre alte persoane<\/em><\/strong><\/p><p>Societatea nu transfer\u0103 datele cu caracter personal c\u0103tre al\u021bi operatori f\u0103r\u0103 notificarea sau cererea prealabila a persoanei vizate.<\/p><p>Societatea poate p\u0103stra sau dezv\u0103lui informa\u021bii transmise \u00een vederea respect\u0103rii prevederilor legale, a procedurilor legale sau pentru a r\u0103spunde unei cereri din partea autorit\u0103\u021bilor publice. De asemenea, poate folosi datele pentru a-\u0219i exercita drepturile legale, pentru a se ap\u0103ra \u00een cadrul ac\u021biunilor judiciare sau pentru a preveni, detecta sau raporta activit\u0103\u021bi ilegale, precum frauda, abuzuri, \u00eenc\u0103lc\u0103ri ale termenilor \u0219i condi\u021biilor sau amenin\u021b\u0103ri la adresa securit\u0103\u021bii Societ\u0103\u021bii sau siguran\u021bei fizice a oric\u0103rei persoane.<\/p><p><strong><em>Securitatea prelucr\u0103rii<\/em><\/strong><\/p><p>Societatea a adoptat m\u0103suri tehnice \u0219i organizatorice de prelucrare a datelor, actualizate \u00een conformitate cu cerin\u021bele GDPR, cu scopul de a proteja datele dumneavoastr\u0103 cu caracter personal \u00eempotriva oric\u0103ror ac\u021biuni de acces neautorizat, utilizare necorespunz\u0103toare sau divulgare, modificare neautorizat\u0103, distrugere sau pierdere accidental\u0103. To\u021bi angaja\u021bii \u0219i colaboratorii Societ\u0103\u021bii precum \u0219i orice ter\u021be p\u0103r\u021bi care ac\u021bioneaz\u0103 \u00een numele \u0219i pe seama acesteia sunt obliga\u021bi s\u0103 respecte confiden\u021bialitatea informa\u021biilor dumneavoastr\u0103 \u0219i cerin\u021bele GDPR.<\/p><p><strong><em>Modificarea Politicii de confiden\u021bialitate<\/em><\/strong><\/p><p>Prezenta politic\u0103 de confiden\u021bialitate poate suferi modific\u0103ri \u00een mod periodic. \u00cen cazul \u00een care se modific\u0103 aceast\u0103 Politic\u0103 de confiden\u021bialitate \u00een moduri care afecteaz\u0103 modul \u00een care utiliz\u0103m informa\u021biile dumneavoastr\u0103 personale v\u0103 vom informa cu privire la op\u021biunile pe care le pute\u021bi avea ca urmare a acestor modific\u0103ri.<\/p><p><strong><em>Leg\u0103turi externe<\/em><\/strong><\/p><p>Acest site poate con\u021bine linkuri sau bannere c\u0103tre alte site-uri web externe operate de ter\u021bi. Dac\u0103 utiliza\u021bi oricare dintre aceste linkuri externe ve\u021bi fi direc\u021bionat c\u0103tre un site care nu este acoperit de politicile noastre de confiden\u021bialitate. Nu ne asum\u0103m nicio r\u0103spundere pentru con\u021binutul site-urilor web ale ter\u021bilor.<\/p><p><strong><em>Notific\u0103ri \u0219i autorit\u0103\u021bi competente<\/em><\/strong><\/p><p>Notific\u0103rile cu privire la prelucrarea datelor cu caracter personal pot fi transmise Societ\u0103\u021bii printr-un mesaj la adresa de e-mail office@nutasiasociatii.ro.<\/p><p>De asemenea, persoanele vizate au dreptul de a sesiza Autoritatea Na\u021bional\u0103 de Supraveghere a Prelucr\u0103rii Datelor cu Caracter Personal (ANSPDCP) cu privire la prelucrarea nelegal\u0103 a datelor cu caracter personal prin transmiterea unei notific\u0103ri la sediul autorit\u0103\u021bii: Bucuresti, B-dul G-ral. Gheorghe Magheru, nr. 28-30, Sector 1, cod po\u0219tal 010336, e-mail: anspdcp@dataprotection.ro.<\/p>\t\t\t\t\t\t\t\t<\/div>\n\t\t\t\t<\/div>\n\t\t\t\t<\/div>\n\t\t<div class=\"elementor-element elementor-element-17a796a e-con-full e-flex e-con e-child\" data-id=\"17a796a\" data-element_type=\"container\" data-e-type=\"container\">\n\t\t\t\t<div class=\"elementor-element elementor-element-7733d38 elementor-widget elementor-widget-heading\" data-id=\"7733d38\" data-element_type=\"widget\" data-e-type=\"widget\" data-widget_type=\"heading.default\">\n\t\t\t\t<div class=\"elementor-widget-container\">\n\t\t\t\t\t<h2 class=\"elementor-heading-title elementor-size-default\">Politica referitoare la cookies<\/h2>\t\t\t\t<\/div>\n\t\t\t\t<\/div>\n\t\t<div class=\"elementor-element elementor-element-ba65cb3 e-con-full e-flex e-con e-child\" data-id=\"ba65cb3\" data-element_type=\"container\" data-e-type=\"container\">\n\t\t\t\t<div class=\"elementor-element elementor-element-031689f elementor-widget elementor-widget-text-editor\" data-id=\"031689f\" data-element_type=\"widget\" data-e-type=\"widget\" data-widget_type=\"text-editor.default\">\n\t\t\t\t<div class=\"elementor-widget-container\">\n\t\t\t\t\t\t\t\t\t<p>Aceast\u0103 politic\u0103 reglementeaz\u0103 utilizarea cookie-urilor \u0219i stabile\u0219te temeiul legal pentru utilizarea \u201ccookie-urilor\u201d \u0219i tehnologiilor similare de c\u0103tre Cabinet de Avocat Nu\u021b\u0103 Alexandru pe website sau pe sisteme care au leg\u0103tur\u0103 cu website-ul https:\/\/nutasiasociatii.ro\/. Aceast\u0103 politic\u0103 de cookie-uri este valabil\u0103 \u00eencep\u00e2nd cu data de 06.10.2025.<\/p><p>Un cookie este un fi\u0219ier de mici dimensiuni care poate fi plasat pe hard diskul computerului dumneavoastr\u0103 \u00een scopul \u00eenregistr\u0103rii. Folosirea mecanismului de tip \u201ccookie\u201d constituie un avantaj \u00een folosul vizitatorilor, acesta permi\u021b\u00e2nd memorarea unor op\u021biuni de navigare \u00een site precum: limba \u00een care se afi\u0219eaz\u0103 site-ul, tipuri de filtre care se aplic\u0103 la afi\u0219area unor anumite pagini, memorarea numelui de utilizator \u0219i a parolei pentru un acces rapid la con\u021binutului site-ului.<\/p><p>Cu ajutorul cookie-urilor, putem monitoriza \u0219i segmenta interesele utilizatorilor fa\u021b\u0103 de anumite zone sau aplica\u021bii ale site-ului, fapt care ne permite ulterior \u00eembun\u0103t\u0103\u021birea experien\u021bei de navigare, introducerea unui con\u021binut relevant pentru utilizator, etc.<\/p><p>Pe site-ul nostru putem folosi urm\u0103toarele categorii de cookie-uri (list\u0103 detaliat\u0103 afi\u0219at\u0103 la setarea preferin\u021belor):<\/p><ul><li>Cookie-uri strict necesare \u2013 asigur\u0103 func\u021bionarea corect\u0103 a site-ului \u0219i nu pot fi dezactivate (ex: autentificare, securitate).<\/li><li>Cookie-uri de preferin\u021be\/func\u021bionalitate \u2013 re\u021bin alegerile tale (ex: limba site-ului).<\/li><li>Cookie-uri statistice\/analitice \u2013 colecteaz\u0103 informa\u021bii anonime despre modul de utilizare a site-ului (ex: Google Analytics).<\/li><li>Cookie-uri de marketing\/publicitate \u2013 utilizate pentru a livra reclame personalizate \u0219i pentru a m\u0103sura eficien\u021ba campaniilor publicitare (ex: Facebook Pixel).<\/li><\/ul><p>Prelucrarea informa\u021biilor despre utilizatori con\u021binute \u00een sau ob\u021binute prin intermediul cookie-urilor se realizeaz\u0103 doar \u00een scopul realiz\u0103rii unor interese legitime, \u00een conformitate cu dispozi\u021biile din Regulamentul GDPR.<\/p><p>Pe site-ul nostru folosim at\u00e2t cookie-uri strict necesare func\u021bion\u0103rii website-ului, c\u00e2t \u0219i cookie-uri de analiz\u0103 \u0219i marketing, numai \u00een baza consim\u021b\u0103m\u00e2ntului dumneavoastr\u0103 expres.<\/p><p>Ave\u021bi posibilitatea s\u0103 accepta\u021bi sau s\u0103 refuza\u021bi utilizarea cookie-urilor prin bannerul afi\u0219at la prima accesare a site-ului \u0219i ulterior, prin modificarea preferin\u021belor \u00een modulul nostru de gestionare a cookie-urilor. De asemenea, pute\u021bi seta browserul s\u0103 blocheze sau s\u0103 \u0219tearg\u0103 cookie-urile.<\/p><p>Cu toate acestea, din motive legitime de securitate este posibil s\u0103 refuz\u0103m accesul la un anumit con\u021binut al site-ului web dac\u0103 nu accepta\u021bi utilizarea unui cookie sau a unui dispozitiv similar.<\/p><p>Informa\u021bii suplimentare despre prelucrarea datelor \u0219i despre drepturile dumneavoastr\u0103 \u00een baza GDPR (dreptul de acces, rectificare, \u0219tergere, opozi\u021bie, restric\u021bionare) sunt disponibile \u00een Politica de confiden\u021bialitate.<\/p>\t\t\t\t\t\t\t\t<\/div>\n\t\t\t\t<\/div>\n\t\t\t\t<\/div>\n\t\t\t\t<\/div>\n\t\t\t\t\t<\/div>\n\t\t\t\t<\/div>\n\t\t\t\t<\/div>\n\t\t","protected":false},"excerpt":{"rendered":"<p>Politica de confiden\u021bialitate Prezentul document descrie politica sumat\u0103 de c\u0103tre Cabinetul de Avocat Nu\u021b\u0103 Alexandru \u00een ce prive\u0219te colectarea \u0219i [&hellip;]<\/p>\n","protected":false},"author":1,"featured_media":0,"parent":0,"menu_order":0,"comment_status":"closed","ping_status":"closed","template":"","meta":{"site-sidebar-layout":"no-sidebar","site-content-layout":"page-builder","ast-site-content-layout":"full-width-container","site-content-style":"default","site-sidebar-style":"default","ast-global-header-display":"","ast-banner-title-visibility":"","ast-main-header-display":"","ast-hfb-above-header-display":"","ast-hfb-below-header-display":"","ast-hfb-mobile-header-display":"","site-post-title":"disabled","ast-breadcrumbs-content":"","ast-featured-img":"disabled","footer-sml-layout":"","theme-transparent-header-meta":"","adv-header-id-meta":"","stick-header-meta":"","header-above-stick-meta":"","header-main-stick-meta":"","header-below-stick-meta":"","astra-migrate-meta-layouts":"set","ast-page-background-enabled":"default","ast-page-background-meta":{"desktop":{"background-color":"","background-image":"","background-repeat":"repeat","background-position":"center center","background-size":"auto","background-attachment":"scroll","background-type":"","background-media":"","overlay-type":"","overlay-color":"","overlay-opacity":"","overlay-gradient":""},"tablet":{"background-color":"","background-image":"","background-repeat":"repeat","background-position":"center center","background-size":"auto","background-attachment":"scroll","background-type":"","background-media":"","overlay-type":"","overlay-color":"","overlay-opacity":"","overlay-gradient":""},"mobile":{"background-color":"","background-image":"","background-repeat":"repeat","background-position":"center center","background-size":"auto","background-attachment":"scroll","background-type":"","background-media":"","overlay-type":"","overlay-color":"","overlay-opacity":"","overlay-gradient":""}},"ast-content-background-meta":{"desktop":{"background-color":"var(--ast-global-color-5)","background-image":"","background-repeat":"repeat","background-position":"center center","background-size":"auto","background-attachment":"scroll","background-type":"","background-media":"","overlay-type":"","overlay-color":"","overlay-opacity":"","overlay-gradient":""},"tablet":{"background-color":"var(--ast-global-color-5)","background-image":"","background-repeat":"repeat","background-position":"center center","background-size":"auto","background-attachment":"scroll","background-type":"","background-media":"","overlay-type":"","overlay-color":"","overlay-opacity":"","overlay-gradient":""},"mobile":{"background-color":"var(--ast-global-color-5)","background-image":"","background-repeat":"repeat","background-position":"center center","background-size":"auto","background-attachment":"scroll","background-type":"","background-media":"","overlay-type":"","overlay-color":"","overlay-opacity":"","overlay-gradient":""}},"footnotes":""},"class_list":["post-1708","page","type-page","status-publish","hentry"],"_links":{"self":[{"href":"https:\/\/nutasiasociatii.ro\/ro\/wp-json\/wp\/v2\/pages\/1708"}],"collection":[{"href":"https:\/\/nutasiasociatii.ro\/ro\/wp-json\/wp\/v2\/pages"}],"about":[{"href":"https:\/\/nutasiasociatii.ro\/ro\/wp-json\/wp\/v2\/types\/page"}],"author":[{"embeddable":true,"href":"https:\/\/nutasiasociatii.ro\/ro\/wp-json\/wp\/v2\/users\/1"}],"replies":[{"embeddable":true,"href":"https:\/\/nutasiasociatii.ro\/ro\/wp-json\/wp\/v2\/comments?post=1708"}],"version-history":[{"count":10,"href":"https:\/\/nutasiasociatii.ro\/ro\/wp-json\/wp\/v2\/pages\/1708\/revisions"}],"predecessor-version":[{"id":3438,"href":"https:\/\/nutasiasociatii.ro\/ro\/wp-json\/wp\/v2\/pages\/1708\/revisions\/3438"}],"wp:attachment":[{"href":"https:\/\/nutasiasociatii.ro\/ro\/wp-json\/wp\/v2\/media?parent=1708"}],"curies":[{"name":"wp","href":"https:\/\/api.w.org\/{rel}","templated":true}]}}