{"id":3330,"date":"2025-07-22T09:16:56","date_gmt":"2025-07-22T09:16:56","guid":{"rendered":"https:\/\/nutasiasociatii.ro\/?page_id=3330"},"modified":"2025-08-01T12:44:32","modified_gmt":"2025-08-01T12:44:32","slug":"abonamente","status":"publish","type":"page","link":"https:\/\/nutasiasociatii.ro\/ro\/abonamente\/","title":{"rendered":"Abonamente"},"content":{"rendered":"\t\t<div data-elementor-type=\"wp-page\" data-elementor-id=\"3330\" class=\"elementor elementor-3330\" data-elementor-post-type=\"page\">\n\t\t\t\t<div class=\"elementor-element elementor-element-9942696 e-flex e-con-boxed e-con e-parent\" data-id=\"9942696\" data-element_type=\"container\" data-e-type=\"container\">\n\t\t\t\t\t<div class=\"e-con-inner\">\n\t\t<div class=\"elementor-element elementor-element-fbfbe49 e-con-full e-flex e-con e-child\" data-id=\"fbfbe49\" data-element_type=\"container\" data-e-type=\"container\">\n\t\t<div class=\"elementor-element elementor-element-ea9fc81 e-con-full e-flex e-con e-child\" data-id=\"ea9fc81\" data-element_type=\"container\" data-e-type=\"container\">\n\t\t\t\t<div class=\"elementor-element elementor-element-7979ee0 elementor-widget elementor-widget-text-editor\" data-id=\"7979ee0\" data-element_type=\"widget\" data-e-type=\"widget\" data-widget_type=\"text-editor.default\">\n\t\t\t\t<div class=\"elementor-widget-container\">\n\t\t\t\t\t\t\t\t\t<p style=\"text-align: center;\"><strong>Business Start \u2013 2.400 lei lunar<\/strong><\/p><p style=\"text-align: center;\"><strong>4 ore de consultan\u021b\u0103 juridic\u0103 lunar\u0103<\/strong><\/p>\t\t\t\t\t\t\t\t<\/div>\n\t\t\t\t<\/div>\n\t\t\t\t<\/div>\n\t\t<div class=\"elementor-element elementor-element-1948d40 e-con-full e-flex e-con e-child\" data-id=\"1948d40\" data-element_type=\"container\" data-e-type=\"container\">\n\t\t\t\t<div class=\"elementor-element elementor-element-843590f elementor-widget elementor-widget-image\" data-id=\"843590f\" data-element_type=\"widget\" data-e-type=\"widget\" data-widget_type=\"image.default\">\n\t\t\t\t<div class=\"elementor-widget-container\">\n\t\t\t\t\t\t\t\t\t\t\t\t\t\t\t<img decoding=\"async\" src=\"https:\/\/nutasiasociatii.ro\/wp-content\/uploads\/elementor\/thumbs\/bus-star-r92ybaszmge87glpflr5mozs92j1czyv97g6gofp48.png\" title=\"bus star\" alt=\"bus star\" loading=\"lazy\" \/>\t\t\t\t\t\t\t\t\t\t\t\t\t\t\t<\/div>\n\t\t\t\t<\/div>\n\t\t\t\t<\/div>\n\t\t<div class=\"elementor-element elementor-element-b74bf70 e-con-full e-flex e-con e-child\" data-id=\"b74bf70\" data-element_type=\"container\" data-e-type=\"container\">\n\t\t\t\t<div class=\"elementor-element elementor-element-e04731a elementor-widget elementor-widget-text-editor\" data-id=\"e04731a\" data-element_type=\"widget\" data-e-type=\"widget\" data-widget_type=\"text-editor.default\">\n\t\t\t\t<div class=\"elementor-widget-container\">\n\t\t\t\t\t\t\t\t\t<p>Abonamentul ideal pentru IMM-uri la \u00eenceput de drum sau cu activitate juridic\u0103 moderat\u0103. Cu Business Start beneficiezi de asisten\u021b\u0103 juridic\u0103 punctual\u0103, adaptat\u0103 nevoilor tale lunare, \u00een limita a 4 ore. Ce po\u021bi ob\u021bine \u00een cadrul acestui pachet:<\/p><ul><li>Asisten\u021b\u0103 \u00een \u00eenfiin\u021barea unei societ\u0103\u021bi, redactarea documentelor necesare \u0219i parcurgerea procedurii \u00een fa\u021ba Registrului Comer\u021bului.<\/li><li>Stabilirea sediului social al societ\u0103\u021bii la sediul avocatului, pe o perioad\u0103 limitat\u0103 de 1 an.<\/li><li>Asisten\u021b\u0103 pentru modific\u0103ri corporative (schimbare sediu, modificare obiect de activitate, cesiune p\u0103r\u021bi sociale, etc.).<\/li><li>Redactarea de decizii \u0219i hot\u0103r\u00e2ri ale adun\u0103rilor generale ale asocia\u021bilor, \u00een conformitate cu legisla\u021bia \u00een vigoare<\/li><li>Redactarea \u0219i revizuirea contractelor comerciale \u0219i a altor documente necesare \u00een rela\u021biile cu partenerii.<\/li><li>Redactare notific\u0103ri \u0219i r\u0103spunsuri c\u0103tre institu\u021bii publice sau parteneri<\/li><li>Consultan\u021b\u0103 \u00een litigii comerciale, inclusiv \u00een proceduri de recuperare a datoriilor.<\/li><\/ul><p>Orele pot fi utilizate flexibil pentru diverse activit\u0103\u021bi. \u00cen cazul dep\u0103\u0219irii, se poate opta pentru tarif suplimentar sau upgrade la Business Plus.<\/p>\t\t\t\t\t\t\t\t<\/div>\n\t\t\t\t<\/div>\n\t\t\t\t<\/div>\n\t\t\t\t<\/div>\n\t\t<div class=\"elementor-element elementor-element-f3f6392 e-con-full e-flex e-con e-child\" data-id=\"f3f6392\" data-element_type=\"container\" data-e-type=\"container\">\n\t\t<div class=\"elementor-element elementor-element-4b47a3c e-con-full e-flex e-con e-child\" data-id=\"4b47a3c\" data-element_type=\"container\" data-e-type=\"container\">\n\t\t\t\t<div class=\"elementor-element elementor-element-6813e8a elementor-widget elementor-widget-text-editor\" data-id=\"6813e8a\" data-element_type=\"widget\" data-e-type=\"widget\" data-widget_type=\"text-editor.default\">\n\t\t\t\t<div class=\"elementor-widget-container\">\n\t\t\t\t\t\t\t\t\t<p style=\"text-align: center;\"><strong>Business Plus \u2013 3.600 lei lunar<\/strong><\/p><p style=\"text-align: center;\"><strong>8 ore de consultan\u021b\u0103 juridic\u0103 lunar\u0103<\/strong><\/p>\t\t\t\t\t\t\t\t<\/div>\n\t\t\t\t<\/div>\n\t\t<div class=\"elementor-element elementor-element-e5e122a e-con-full e-flex e-con e-child\" data-id=\"e5e122a\" data-element_type=\"container\" data-e-type=\"container\">\n\t\t\t\t<div class=\"elementor-element elementor-element-c50b113 elementor-widget elementor-widget-image\" data-id=\"c50b113\" data-element_type=\"widget\" data-e-type=\"widget\" data-widget_type=\"image.default\">\n\t\t\t\t<div class=\"elementor-widget-container\">\n\t\t\t\t\t\t\t\t\t\t\t\t\t\t\t<img decoding=\"async\" src=\"https:\/\/nutasiasociatii.ro\/wp-content\/uploads\/elementor\/thumbs\/bus-plus-r92z16b1r9tdt10ncaefrnxkxwzs91ov59yd1w2ju0.png\" title=\"bus plus\" alt=\"bus plus\" loading=\"lazy\" \/>\t\t\t\t\t\t\t\t\t\t\t\t\t\t\t<\/div>\n\t\t\t\t<\/div>\n\t\t\t\t<\/div>\n\t\t\t\t<\/div>\n\t\t<div class=\"elementor-element elementor-element-e80925f e-con-full e-flex e-con e-child\" data-id=\"e80925f\" data-element_type=\"container\" data-e-type=\"container\">\n\t\t\t\t<div class=\"elementor-element elementor-element-44618e5 elementor-widget elementor-widget-text-editor\" data-id=\"44618e5\" data-element_type=\"widget\" data-e-type=\"widget\" data-widget_type=\"text-editor.default\">\n\t\t\t\t<div class=\"elementor-widget-container\">\n\t\t\t\t\t\t\t\t\t<p>Conceput pentru companii \u00een dezvoltare, cu un volum juridic constant sau mai complex. Business Plus \u00ee\u021bi ofer\u0103 acces extins la servicii juridice \u0219i o implicare sporit\u0103 \u00een procesele tale comerciale. Ce include \u00een mod frecvent acest abonament:<\/p><ul><li>Asisten\u021b\u0103 complet\u0103 pentru \u00eenfiin\u021b\u0103ri societ\u0103\u021bi \/ modific\u0103ri corporative \u00een Registrul Comer\u021bului.<\/li><li>Redactarea de decizii \u0219i hot\u0103r\u00e2ri ale adun\u0103rilor generale ale asocia\u021bilor, \u00een conformitate cu legisla\u021bia \u00een vigoare.<\/li><li>Negocieri comerciale \u0219i due diligence, pentru protejarea intereselor companiei \u00een tranzac\u021bii comerciale \u0219i parteneriate.<\/li><li>Asisten\u021b\u0103 continu\u0103 pentru conformitate legal\u0103, asigur\u00e2ndu-te c\u0103 activitatea societ\u0103\u021bii tale respect\u0103 reglement\u0103rile \u0219i cerin\u021bele autorit\u0103\u021bilor.<\/li><li>Litigii pentru recuperarea datoriilor, consultan\u021b\u0103 privind conflictele comerciale \u0219i solu\u021bionarea acestora.<\/li><li>Consultan\u021b\u0103 \u00een procedura de lichidare voluntar\u0103, dac\u0103 este cazul, pentru a asigura o \u00eenchidere corect\u0103 \u0219i legal\u0103 a afacerii.<\/li><\/ul><p>Ideal pentru companii care \u00ee\u0219i doresc predictibilitate \u0219i reac\u021bie rapid\u0103 din partea unui partener juridic constant.<\/p>\t\t\t\t\t\t\t\t<\/div>\n\t\t\t\t<\/div>\n\t\t\t\t<\/div>\n\t\t\t\t<\/div>\n\t\t\t\t\t<\/div>\n\t\t\t\t<\/div>\n\t\t\t\t<\/div>\n\t\t","protected":false},"excerpt":{"rendered":"<p>Business Start \u2013 2.400 lei lunar 4 ore de consultan\u021b\u0103 juridic\u0103 lunar\u0103 Abonamentul ideal pentru IMM-uri la \u00eenceput de drum [&hellip;]<\/p>\n","protected":false},"author":1,"featured_media":0,"parent":0,"menu_order":0,"comment_status":"closed","ping_status":"closed","template":"","meta":{"site-sidebar-layout":"no-sidebar","site-content-layout":"page-builder","ast-site-content-layout":"full-width-container","site-content-style":"default","site-sidebar-style":"default","ast-global-header-display":"","ast-banner-title-visibility":"","ast-main-header-display":"","ast-hfb-above-header-display":"","ast-hfb-below-header-display":"","ast-hfb-mobile-header-display":"","site-post-title":"disabled","ast-breadcrumbs-content":"","ast-featured-img":"disabled","footer-sml-layout":"","theme-transparent-header-meta":"","adv-header-id-meta":"","stick-header-meta":"","header-above-stick-meta":"","header-main-stick-meta":"","header-below-stick-meta":"","astra-migrate-meta-layouts":"set","ast-page-background-enabled":"default","ast-page-background-meta":{"desktop":{"background-color":"","background-image":"","background-repeat":"repeat","background-position":"center center","background-size":"auto","background-attachment":"scroll","background-type":"","background-media":"","overlay-type":"","overlay-color":"","overlay-opacity":"","overlay-gradient":""},"tablet":{"background-color":"","background-image":"","background-repeat":"repeat","background-position":"center center","background-size":"auto","background-attachment":"scroll","background-type":"","background-media":"","overlay-type":"","overlay-color":"","overlay-opacity":"","overlay-gradient":""},"mobile":{"background-color":"","background-image":"","background-repeat":"repeat","background-position":"center center","background-size":"auto","background-attachment":"scroll","background-type":"","background-media":"","overlay-type":"","overlay-color":"","overlay-opacity":"","overlay-gradient":""}},"ast-content-background-meta":{"desktop":{"background-color":"var(--ast-global-color-5)","background-image":"","background-repeat":"repeat","background-position":"center center","background-size":"auto","background-attachment":"scroll","background-type":"","background-media":"","overlay-type":"","overlay-color":"","overlay-opacity":"","overlay-gradient":""},"tablet":{"background-color":"var(--ast-global-color-5)","background-image":"","background-repeat":"repeat","background-position":"center center","background-size":"auto","background-attachment":"scroll","background-type":"","background-media":"","overlay-type":"","overlay-color":"","overlay-opacity":"","overlay-gradient":""},"mobile":{"background-color":"var(--ast-global-color-5)","background-image":"","background-repeat":"repeat","background-position":"center center","background-size":"auto","background-attachment":"scroll","background-type":"","background-media":"","overlay-type":"","overlay-color":"","overlay-opacity":"","overlay-gradient":""}},"footnotes":""},"class_list":["post-3330","page","type-page","status-publish","hentry"],"_links":{"self":[{"href":"https:\/\/nutasiasociatii.ro\/ro\/wp-json\/wp\/v2\/pages\/3330"}],"collection":[{"href":"https:\/\/nutasiasociatii.ro\/ro\/wp-json\/wp\/v2\/pages"}],"about":[{"href":"https:\/\/nutasiasociatii.ro\/ro\/wp-json\/wp\/v2\/types\/page"}],"author":[{"embeddable":true,"href":"https:\/\/nutasiasociatii.ro\/ro\/wp-json\/wp\/v2\/users\/1"}],"replies":[{"embeddable":true,"href":"https:\/\/nutasiasociatii.ro\/ro\/wp-json\/wp\/v2\/comments?post=3330"}],"version-history":[{"count":13,"href":"https:\/\/nutasiasociatii.ro\/ro\/wp-json\/wp\/v2\/pages\/3330\/revisions"}],"predecessor-version":[{"id":3349,"href":"https:\/\/nutasiasociatii.ro\/ro\/wp-json\/wp\/v2\/pages\/3330\/revisions\/3349"}],"wp:attachment":[{"href":"https:\/\/nutasiasociatii.ro\/ro\/wp-json\/wp\/v2\/media?parent=3330"}],"curies":[{"name":"wp","href":"https:\/\/api.w.org\/{rel}","templated":true}]}}