{"id":936,"date":"2024-08-09T07:13:29","date_gmt":"2024-08-09T07:13:29","guid":{"rendered":"https:\/\/nutasiasociatii.ro\/?page_id=936"},"modified":"2024-09-03T19:41:54","modified_gmt":"2024-09-03T19:41:54","slug":"programeaza-o-intalnire","status":"publish","type":"page","link":"https:\/\/nutasiasociatii.ro\/ro\/acasa\/programeaza-o-intalnire\/","title":{"rendered":"Programeaz\u0103 o \u00eent\u00e2lnire"},"content":{"rendered":"\t\t<div data-elementor-type=\"wp-page\" data-elementor-id=\"936\" class=\"elementor elementor-936\" data-elementor-post-type=\"page\">\n\t\t\t\t<div class=\"elementor-element elementor-element-26c3d04 e-flex e-con-boxed e-con e-parent\" data-id=\"26c3d04\" data-element_type=\"container\" data-e-type=\"container\">\n\t\t\t\t\t<div class=\"e-con-inner\">\n\t\t<div class=\"elementor-element elementor-element-530c79e e-con-full e-flex e-con e-child\" data-id=\"530c79e\" data-element_type=\"container\" data-e-type=\"container\">\n\t\t\t\t<div class=\"elementor-element elementor-element-e28da0a elementor-widget elementor-widget-heading\" data-id=\"e28da0a\" data-element_type=\"widget\" data-e-type=\"widget\" data-widget_type=\"heading.default\">\n\t\t\t\t<div class=\"elementor-widget-container\">\n\t\t\t\t\t<h2 class=\"elementor-heading-title elementor-size-default\">Programeaz\u0103 o \u00eent\u00e2lnire<\/h2>\t\t\t\t<\/div>\n\t\t\t\t<\/div>\n\t\t\t\t<\/div>\n\t\t<div class=\"elementor-element elementor-element-fd89266 e-con-full e-flex e-con e-child\" data-id=\"fd89266\" data-element_type=\"container\" data-e-type=\"container\">\n\t\t\t\t<div class=\"elementor-element elementor-element-3bc2ffa elementor-widget elementor-widget-text-editor\" data-id=\"3bc2ffa\" data-element_type=\"widget\" data-e-type=\"widget\" data-widget_type=\"text-editor.default\">\n\t\t\t\t<div class=\"elementor-widget-container\">\n\t\t\t\t\t\t\t\t\t<p>Programez\u0103 o \u0219edin\u021b\u0103 de consultan\u021b\u0103 de 30 de minute, online sau \u00een persoan\u0103 pentru pre\u021bul de <strong>300 RON (60 euro).<\/strong><\/p><p>\u00cen cazul \u00een care vom continua colaborarea, plata \u0219edin\u021bei de consultan\u021b\u0103 ini\u021bial\u0103 se va deduce din costul total, \u0219edin\u021ba de consultan\u021b\u0103 fiind astfel gratis.<\/p><p>Plata se face prin transfer bancar c\u0103tre contul primit \u00een emailul de confirmare.<\/p><p>\u00cen cazul \u00een care niciunul dintre locurile disponibile nu sunt potrivite cu programul dumneavoastr\u0103, va rug\u0103m s\u0103 ne contacta\u021bi prin formularul de contact sau prin e-mail pentru a g\u0103si \u00eempreun\u0103 o dat\u0103 \u0219i un interval orar convenabil.<\/p><p>Intervalele orare pentru programare sunt \u00een concordan\u021b\u0103 cu ora local\u0103 a Rom\u00e2niei, GMT+2.<\/p><p><strong>Selecta\u021bi data \u0219i ora:<\/strong><\/p>\t\t\t\t\t\t\t\t<\/div>\n\t\t\t\t<\/div>\n\t\t<div class=\"elementor-element elementor-element-ceda065 e-con-full e-flex e-con e-child\" data-id=\"ceda065\" data-element_type=\"container\" data-e-type=\"container\">\n\t\t\t\t<div class=\"elementor-element elementor-element-f7add58 elementor-widget elementor-widget-html\" data-id=\"f7add58\" data-element_type=\"widget\" data-e-type=\"widget\" data-widget_type=\"html.default\">\n\t\t\t\t<div class=\"elementor-widget-container\">\n\t\t\t\t\t<!-- Calendly inline widget begin -->\r\n<div class=\"calendly-inline-widget\" data-url=\"https:\/\/calendly.com\/office-89ix\/consultanta\" style=\"min-width:320px;height:700px;\"><\/div>\r\n<script type=\"text\/javascript\" src=\"https:\/\/assets.calendly.com\/assets\/external\/widget.js\" async><\/script>\r\n<!-- Calendly inline widget end -->\t\t\t\t<\/div>\n\t\t\t\t<\/div>\n\t\t\t\t<\/div>\n\t\t\t\t<\/div>\n\t\t\t\t\t<\/div>\n\t\t\t\t<\/div>\n\t\t\t\t<\/div>\n\t\t","protected":false},"excerpt":{"rendered":"<p>Programeaz\u0103 o \u00eent\u00e2lnire Programez\u0103 o \u0219edin\u021b\u0103 de consultan\u021b\u0103 de 30 de minute, online sau \u00een persoan\u0103 pentru pre\u021bul de 300 [&hellip;]<\/p>\n","protected":false},"author":1,"featured_media":0,"parent":799,"menu_order":0,"comment_status":"closed","ping_status":"closed","template":"","meta":{"site-sidebar-layout":"no-sidebar","site-content-layout":"page-builder","ast-site-content-layout":"full-width-container","site-content-style":"default","site-sidebar-style":"default","ast-global-header-display":"","ast-banner-title-visibility":"","ast-main-header-display":"","ast-hfb-above-header-display":"","ast-hfb-below-header-display":"","ast-hfb-mobile-header-display":"","site-post-title":"disabled","ast-breadcrumbs-content":"","ast-featured-img":"disabled","footer-sml-layout":"","theme-transparent-header-meta":"","adv-header-id-meta":"","stick-header-meta":"","header-above-stick-meta":"","header-main-stick-meta":"","header-below-stick-meta":"","astra-migrate-meta-layouts":"set","ast-page-background-enabled":"default","ast-page-background-meta":{"desktop":{"background-color":"","background-image":"","background-repeat":"repeat","background-position":"center center","background-size":"auto","background-attachment":"scroll","background-type":"","background-media":"","overlay-type":"","overlay-color":"","overlay-opacity":"","overlay-gradient":""},"tablet":{"background-color":"","background-image":"","background-repeat":"repeat","background-position":"center center","background-size":"auto","background-attachment":"scroll","background-type":"","background-media":"","overlay-type":"","overlay-color":"","overlay-opacity":"","overlay-gradient":""},"mobile":{"background-color":"","background-image":"","background-repeat":"repeat","background-position":"center center","background-size":"auto","background-attachment":"scroll","background-type":"","background-media":"","overlay-type":"","overlay-color":"","overlay-opacity":"","overlay-gradient":""}},"ast-content-background-meta":{"desktop":{"background-color":"var(--ast-global-color-5)","background-image":"","background-repeat":"repeat","background-position":"center center","background-size":"auto","background-attachment":"scroll","background-type":"","background-media":"","overlay-type":"","overlay-color":"","overlay-opacity":"","overlay-gradient":""},"tablet":{"background-color":"var(--ast-global-color-5)","background-image":"","background-repeat":"repeat","background-position":"center center","background-size":"auto","background-attachment":"scroll","background-type":"","background-media":"","overlay-type":"","overlay-color":"","overlay-opacity":"","overlay-gradient":""},"mobile":{"background-color":"var(--ast-global-color-5)","background-image":"","background-repeat":"repeat","background-position":"center center","background-size":"auto","background-attachment":"scroll","background-type":"","background-media":"","overlay-type":"","overlay-color":"","overlay-opacity":"","overlay-gradient":""}},"footnotes":""},"class_list":["post-936","page","type-page","status-publish","hentry"],"_links":{"self":[{"href":"https:\/\/nutasiasociatii.ro\/ro\/wp-json\/wp\/v2\/pages\/936"}],"collection":[{"href":"https:\/\/nutasiasociatii.ro\/ro\/wp-json\/wp\/v2\/pages"}],"about":[{"href":"https:\/\/nutasiasociatii.ro\/ro\/wp-json\/wp\/v2\/types\/page"}],"author":[{"embeddable":true,"href":"https:\/\/nutasiasociatii.ro\/ro\/wp-json\/wp\/v2\/users\/1"}],"replies":[{"embeddable":true,"href":"https:\/\/nutasiasociatii.ro\/ro\/wp-json\/wp\/v2\/comments?post=936"}],"version-history":[{"count":16,"href":"https:\/\/nutasiasociatii.ro\/ro\/wp-json\/wp\/v2\/pages\/936\/revisions"}],"predecessor-version":[{"id":1528,"href":"https:\/\/nutasiasociatii.ro\/ro\/wp-json\/wp\/v2\/pages\/936\/revisions\/1528"}],"up":[{"embeddable":true,"href":"https:\/\/nutasiasociatii.ro\/ro\/wp-json\/wp\/v2\/pages\/799"}],"wp:attachment":[{"href":"https:\/\/nutasiasociatii.ro\/ro\/wp-json\/wp\/v2\/media?parent=936"}],"curies":[{"name":"wp","href":"https:\/\/api.w.org\/{rel}","templated":true}]}}